{"id":4931,"date":"2018-10-01T09:41:42","date_gmt":"2018-10-01T09:41:42","guid":{"rendered":"https:\/\/xstore.8theme.com\/demos\/2\/electron01\/?page_id=4931"},"modified":"2023-05-26T09:40:17","modified_gmt":"2023-05-26T08:40:17","slug":"envios","status":"publish","type":"page","link":"https:\/\/www.jrmsolar.net\/en\/shipments\/","title":{"rendered":"Shipping"},"content":{"rendered":"<div data-elementor-type=\"wp-page\" data-elementor-id=\"4931\" class=\"elementor elementor-4931\">\n\t\t\t\t\t\t<section class=\"elementor-section elementor-top-section elementor-element elementor-element-71fd09f elementor-section-full_width elementor-section-stretched elementor-section-height-default elementor-section-height-default\" data-id=\"71fd09f\" data-element_type=\"section\" data-settings=\"{&quot;stretch_section&quot;:&quot;section-stretched&quot;,&quot;background_background&quot;:&quot;classic&quot;}\">\n\t\t\t\t\t\t<div class=\"elementor-container elementor-column-gap-default\">\n\t\t\t\t\t<div class=\"elementor-column elementor-col-100 elementor-top-column elementor-element elementor-element-0f8365b\" data-id=\"0f8365b\" data-element_type=\"column\">\n\t\t\t<div class=\"elementor-widget-wrap\">\n\t\t\t\t\t\t\t<\/div>\n\t\t<\/div>\n\t\t\t\t\t<\/div>\n\t\t<\/section>\n\t\t\t\t<section class=\"elementor-section elementor-top-section elementor-element elementor-element-cecf384 elementor-section-boxed elementor-section-height-default elementor-section-height-default\" data-id=\"cecf384\" data-element_type=\"section\">\n\t\t\t\t\t\t<div class=\"elementor-container elementor-column-gap-default\">\n\t\t\t\t\t<div class=\"elementor-column elementor-col-100 elementor-top-column elementor-element elementor-element-06c7d76\" data-id=\"06c7d76\" data-element_type=\"column\">\n\t\t\t<div class=\"elementor-widget-wrap elementor-element-populated\">\n\t\t\t\t\t\t<div class=\"elementor-element elementor-element-f990383 elementor-widget elementor-widget-text-editor\" data-id=\"f990383\" data-element_type=\"widget\" data-widget_type=\"text-editor.default\">\n\t\t\t\t<div class=\"elementor-widget-container\">\n\t\t\t<style>\/*! elementor - v3.23.0 - 05-08-2024 *\/\n.elementor-widget-text-editor.elementor-drop-cap-view-stacked .elementor-drop-cap{background-color:#69727d;color:#fff}.elementor-widget-text-editor.elementor-drop-cap-view-framed .elementor-drop-cap{color:#69727d;border:3px solid;background-color:transparent}.elementor-widget-text-editor:not(.elementor-drop-cap-view-default) .elementor-drop-cap{margin-top:8px}.elementor-widget-text-editor:not(.elementor-drop-cap-view-default) .elementor-drop-cap-letter{width:1em;height:1em}.elementor-widget-text-editor .elementor-drop-cap{float:left;text-align:center;line-height:1;font-size:50px}.elementor-widget-text-editor .elementor-drop-cap-letter{display:inline-block}<\/style>\t\t\t\t<h1>Shipping and delivery times<\/h1>\n<h3>&nbsp;<\/h3>\n<h2>1. Methods of dispatch<\/h2>\n<p>The delivery method is home delivery or collection at the physical shop. For deliveries to the Peninsula (Spain and Portugal) or the Canary Islands, Balearic Islands, Ceuta and Melilla, the transport company will be in charge of the service. The order will be sent to the address you indicated at the time you made your purchase. *Important: If the delivery cannot be made due to the absence of the addressee, the transport agency will leave an indicative note and will try to contact the addressee by telephone. After two unsuccessful attempts, the customer must contact the transport agency to proceed with the delivery.<\/p>\n<h2>2. Delivery period<\/h2>\n<p>- Peninsula (Spain and Portugal): The delivery time ranges between 2 and 5 working days. This is an estimate that may vary depending on the circumstances of the time and location, beyond the control of KW Aplicaciones Solares SL.<\/p>\n<p>- Canary Islands, Balearic Islands, Ceuta and Melilla: Delivery time depends on the area and the conditions of the transport company. Please consult us for more details.&nbsp;<\/p>\n<h2>3. Shipping costs<\/h2>\n<h3><strong>Iberian Peninsula (Spain and Portugal):<\/strong><\/h3>\n<p>We ship all over the peninsula.<\/p>\n<h3><strong>Rest:<\/strong><\/h3>\n<p>Please check shipping costs before placing your order.<\/p>\n<h2>4. Special tariffs<\/h2>\n<p>The customer shall request information on special shipping rates:<\/p>\n<p>- Email: info@kwappsolares.com<\/p>\n<p>- Phone number: (+34) 644 195 507<\/p>\n<h2>5. Guarantee<\/h2>\n<p>In case of a defective product:<\/p>\n<p>- kwappsolares.com will proceed to the replacement, price reduction or termination of the contract, as appropriate.<\/p>\n<p>- In the case of processing an RMA to carry out a revision or repair of a product, the customer must send the equipment to the technical service specified by KW Aplicaciones Solares SL.<\/p>\n<p>- At all times, subsequent procedures shall be free of charge for the consumer or user in the event of a defective product, whether it is returned or repaired.<\/p>\n<p>- If the technical service determines that the damage is not covered by the warranty, a report will be sent to the customer with the result of the analysis and a repair estimate including return costs, which must be borne by the customer.<\/p>\n<h2>6. Return of the package<\/h2>\n<p>To process a return, you must contact us directly. Shipping costs will be borne by the customer.<\/p>\t\t\t\t\t\t<\/div>\n\t\t\t\t<\/div>\n\t\t\t\t\t<\/div>\n\t\t<\/div>\n\t\t\t\t\t<\/div>\n\t\t<\/section>\n\t\t\t\t<\/div>","protected":false},"excerpt":{"rendered":"<p>Shipping and delivery times 1. Shipping methods The shipping method is home delivery or collection at the physical shop. For shipments to the Peninsula (Spain and Portugal) or the Canary Islands, Balearic Islands, Ceuta and Melilla, the transport company will be in charge of the service ....<\/p>","protected":false},"author":1,"featured_media":0,"parent":0,"menu_order":0,"comment_status":"closed","ping_status":"closed","template":"","meta":{"footnotes":""},"class_list":["post-4931","page","type-page","status-publish","hentry"],"yoast_head":"<!-- This site is optimized with the Yoast SEO plugin v23.2 - https:\/\/yoast.com\/wordpress\/plugins\/seo\/ -->\n<title>Env\u00edos - JRM Solar<\/title>\n<meta name=\"robots\" content=\"index, follow, max-snippet:-1, max-image-preview:large, max-video-preview:-1\" \/>\n<link rel=\"canonical\" href=\"https:\/\/www.jrmsolar.net\/en\/shipments\/\" \/>\n<meta property=\"og:locale\" content=\"en_GB\" \/>\n<meta property=\"og:type\" content=\"article\" \/>\n<meta property=\"og:title\" content=\"Env\u00edos - JRM Solar\" \/>\n<meta property=\"og:description\" content=\"Env\u00edo y Plazos de entrega &nbsp; 1. Formas de env\u00edo La forma de env\u00edo es a domicilio o recogida en tienda f\u00edsica. Para env\u00edos con destino Pen\u00ednsula (Espa\u00f1a y Portugal) o Canarias, Baleares, Ceuta y Melilla, ser\u00e1 la empresa de transportes la encargada del servicio....\" \/>\n<meta property=\"og:url\" content=\"https:\/\/www.jrmsolar.net\/en\/shipments\/\" \/>\n<meta property=\"og:site_name\" content=\"JRM Solar\" \/>\n<meta property=\"article:modified_time\" content=\"2023-05-26T08:40:17+00:00\" \/>\n<meta name=\"twitter:card\" content=\"summary_large_image\" \/>\n<meta name=\"twitter:label1\" content=\"Estimated reading time\" \/>\n\t<meta name=\"twitter:data1\" content=\"2 minutes\" \/>\n<script type=\"application\/ld+json\" class=\"yoast-schema-graph\">{\"@context\":\"https:\/\/schema.org\",\"@graph\":[{\"@type\":\"WebPage\",\"@id\":\"https:\/\/www.jrmsolar.net\/envios\/\",\"url\":\"https:\/\/www.jrmsolar.net\/envios\/\",\"name\":\"Env\u00edos - JRM Solar\",\"isPartOf\":{\"@id\":\"https:\/\/www.jrmsolar.net\/#website\"},\"datePublished\":\"2018-10-01T09:41:42+00:00\",\"dateModified\":\"2023-05-26T08:40:17+00:00\",\"breadcrumb\":{\"@id\":\"https:\/\/www.jrmsolar.net\/envios\/#breadcrumb\"},\"inLanguage\":\"en-GB\",\"potentialAction\":[{\"@type\":\"ReadAction\",\"target\":[\"https:\/\/www.jrmsolar.net\/envios\/\"]}]},{\"@type\":\"BreadcrumbList\",\"@id\":\"https:\/\/www.jrmsolar.net\/envios\/#breadcrumb\",\"itemListElement\":[{\"@type\":\"ListItem\",\"position\":1,\"name\":\"Portada\",\"item\":\"https:\/\/www.jrmsolar.net\/\"},{\"@type\":\"ListItem\",\"position\":2,\"name\":\"Env\u00edos\"}]},{\"@type\":\"WebSite\",\"@id\":\"https:\/\/www.jrmsolar.net\/#website\",\"url\":\"https:\/\/www.jrmsolar.net\/\",\"name\":\"JRM Solar\",\"description\":\"Suministros para instalaciones de energ\u00eda solar\",\"potentialAction\":[{\"@type\":\"SearchAction\",\"target\":{\"@type\":\"EntryPoint\",\"urlTemplate\":\"https:\/\/www.jrmsolar.net\/?s={search_term_string}\"},\"query-input\":\"required name=search_term_string\"}],\"inLanguage\":\"en-GB\"}]}<\/script>\n<!-- \/ Yoast SEO plugin. -->","yoast_head_json":{"title":"Env\u00edos - JRM Solar","robots":{"index":"index","follow":"follow","max-snippet":"max-snippet:-1","max-image-preview":"max-image-preview:large","max-video-preview":"max-video-preview:-1"},"canonical":"https:\/\/www.jrmsolar.net\/en\/shipments\/","og_locale":"en_GB","og_type":"article","og_title":"Env\u00edos - JRM Solar","og_description":"Env\u00edo y Plazos de entrega &nbsp; 1. Formas de env\u00edo La forma de env\u00edo es a domicilio o recogida en tienda f\u00edsica. Para env\u00edos con destino Pen\u00ednsula (Espa\u00f1a y Portugal) o Canarias, Baleares, Ceuta y Melilla, ser\u00e1 la empresa de transportes la encargada del servicio....","og_url":"https:\/\/www.jrmsolar.net\/en\/shipments\/","og_site_name":"JRM Solar","article_modified_time":"2023-05-26T08:40:17+00:00","twitter_card":"summary_large_image","twitter_misc":{"Estimated reading time":"2 minutes"},"schema":{"@context":"https:\/\/schema.org","@graph":[{"@type":"WebPage","@id":"https:\/\/www.jrmsolar.net\/envios\/","url":"https:\/\/www.jrmsolar.net\/envios\/","name":"Env\u00edos - JRM Solar","isPartOf":{"@id":"https:\/\/www.jrmsolar.net\/#website"},"datePublished":"2018-10-01T09:41:42+00:00","dateModified":"2023-05-26T08:40:17+00:00","breadcrumb":{"@id":"https:\/\/www.jrmsolar.net\/envios\/#breadcrumb"},"inLanguage":"en-GB","potentialAction":[{"@type":"ReadAction","target":["https:\/\/www.jrmsolar.net\/envios\/"]}]},{"@type":"BreadcrumbList","@id":"https:\/\/www.jrmsolar.net\/envios\/#breadcrumb","itemListElement":[{"@type":"ListItem","position":1,"name":"Portada","item":"https:\/\/www.jrmsolar.net\/"},{"@type":"ListItem","position":2,"name":"Env\u00edos"}]},{"@type":"WebSite","@id":"https:\/\/www.jrmsolar.net\/#website","url":"https:\/\/www.jrmsolar.net\/","name":"JRM Solar","description":"Suministros para instalaciones de energ\u00eda solar","potentialAction":[{"@type":"SearchAction","target":{"@type":"EntryPoint","urlTemplate":"https:\/\/www.jrmsolar.net\/?s={search_term_string}"},"query-input":"required name=search_term_string"}],"inLanguage":"en-GB"}]}},"_links":{"self":[{"href":"https:\/\/www.jrmsolar.net\/en\/wp-json\/wp\/v2\/pages\/4931","targetHints":{"allow":["GET"]}}],"collection":[{"href":"https:\/\/www.jrmsolar.net\/en\/wp-json\/wp\/v2\/pages"}],"about":[{"href":"https:\/\/www.jrmsolar.net\/en\/wp-json\/wp\/v2\/types\/page"}],"author":[{"embeddable":true,"href":"https:\/\/www.jrmsolar.net\/en\/wp-json\/wp\/v2\/users\/1"}],"replies":[{"embeddable":true,"href":"https:\/\/www.jrmsolar.net\/en\/wp-json\/wp\/v2\/comments?post=4931"}],"version-history":[{"count":13,"href":"https:\/\/www.jrmsolar.net\/en\/wp-json\/wp\/v2\/pages\/4931\/revisions"}],"predecessor-version":[{"id":13113,"href":"https:\/\/www.jrmsolar.net\/en\/wp-json\/wp\/v2\/pages\/4931\/revisions\/13113"}],"wp:attachment":[{"href":"https:\/\/www.jrmsolar.net\/en\/wp-json\/wp\/v2\/media?parent=4931"}],"curies":[{"name":"wp","href":"https:\/\/api.w.org\/{rel}","templated":true}]}}