{"id":13037,"date":"2023-05-19T11:08:02","date_gmt":"2023-05-19T10:08:02","guid":{"rendered":"https:\/\/kwappsolares.com\/?post_type=product&#038;p=13037"},"modified":"2024-03-14T10:00:36","modified_gmt":"2024-03-14T09:00:36","slug":"inversor-stealth-hibrido-monofasico-5-kwh","status":"publish","type":"product","link":"https:\/\/www.jrmsolar.net\/en\/product\/inverter-stealth-stealth-hybrid-monophase-5-kwh\/","title":{"rendered":"Stealth Hybrid Inverter Single Phase 5 kwh"},"content":{"rendered":"<p><strong>Solar Inverter Stealth Hybrid Single Phase 5kW, ST-INV-S5,0<\/strong><\/p>\n<p>2MPPT, WiFi, Smart Meter<\/p>\n<p>97.6% maximum efficiency at ultra-low starting voltage<\/p>\n<p>Fast, dynamic MPPT and industry-leading DC voltage range.<\/p>\n<p>Smart EMS function can use solar power 24\/7 and reduce your energy bills<\/p>\n<p>IP65 protection<\/p>\n<p>Off-grid back-up function in less than 200ms<\/p>\n<p>Inverter is parallelisable \"master-slave\" method<\/p>\n<p>5 years standard warranty with up to 10 years extension options<\/p>\n<p>Dimensions: W411xH505xD192<\/p>\n<p>Weight: 18kg<\/p>\n<p><img fetchpriority=\"high\" decoding=\"async\" class=\"alignnone size-medium wp-image-13299\" src=\"https:\/\/jrmsolar.net\/wp-content\/uploads\/2023\/05\/INVERSOR-SIDE-VIEW-300x225.jpg\" alt=\"\" width=\"300\" height=\"225\" srcset=\"https:\/\/www.jrmsolar.net\/wp-content\/uploads\/2023\/05\/INVERSOR-SIDE-VIEW-300x225.jpg 300w, https:\/\/www.jrmsolar.net\/wp-content\/uploads\/2023\/05\/INVERSOR-SIDE-VIEW-1024x768.jpg 1024w, https:\/\/www.jrmsolar.net\/wp-content\/uploads\/2023\/05\/INVERSOR-SIDE-VIEW-768x576.jpg 768w, https:\/\/www.jrmsolar.net\/wp-content\/uploads\/2023\/05\/INVERSOR-SIDE-VIEW-16x12.jpg 16w, https:\/\/www.jrmsolar.net\/wp-content\/uploads\/2023\/05\/INVERSOR-SIDE-VIEW-600x450.jpg 600w, https:\/\/www.jrmsolar.net\/wp-content\/uploads\/2023\/05\/INVERSOR-SIDE-VIEW-1x1.jpg 1w, https:\/\/www.jrmsolar.net\/wp-content\/uploads\/2023\/05\/INVERSOR-SIDE-VIEW-10x8.jpg 10w, https:\/\/www.jrmsolar.net\/wp-content\/uploads\/2023\/05\/INVERSOR-SIDE-VIEW.jpg 1440w\" sizes=\"(max-width: 300px) 100vw, 300px\" \/><img decoding=\"async\" class=\"alignnone size-medium wp-image-13295\" src=\"https:\/\/jrmsolar.net\/wp-content\/uploads\/2023\/05\/5kw-single-phase-hybrid-inverter-219x300.jpg\" alt=\"\" width=\"219\" height=\"300\" srcset=\"https:\/\/www.jrmsolar.net\/wp-content\/uploads\/2023\/05\/5kw-single-phase-hybrid-inverter-219x300.jpg 219w, https:\/\/www.jrmsolar.net\/wp-content\/uploads\/2023\/05\/5kw-single-phase-hybrid-inverter-9x12.jpg 9w, https:\/\/www.jrmsolar.net\/wp-content\/uploads\/2023\/05\/5kw-single-phase-hybrid-inverter-600x823.jpg 600w, https:\/\/www.jrmsolar.net\/wp-content\/uploads\/2023\/05\/5kw-single-phase-hybrid-inverter-1x1.jpg 1w, https:\/\/www.jrmsolar.net\/wp-content\/uploads\/2023\/05\/5kw-single-phase-hybrid-inverter-7x10.jpg 7w, https:\/\/www.jrmsolar.net\/wp-content\/uploads\/2023\/05\/5kw-single-phase-hybrid-inverter.jpg 647w\" sizes=\"(max-width: 219px) 100vw, 219px\" \/><\/p>\n<p>Stealth is a leader in residential energy storage and a pioneer in energy storage technology innovation. It is a high-tech, production, sales and service company of energy storage systems. Since 2017, the company has been market-oriented, dedicated to scientific and technological innovation to provide customers with the safest products with the best product experience, performance and price.<br \/>\nIts products are distributed in more than 30 countries around the world.<\/p>\n<p>Stealth offers a wide range of single-phase and three-phase hybrid solar inverters for residential applications that meet household needs for reliable and sustainable power generation. With simple installation and minimalist design, Stealth inverters complement a wide variety of home styles and solar systems.<\/p>\n<p><a target=\"_blank\" class=\"btn  medium\" href=\"https:\/\/jrmsolar.net\/wp-content\/uploads\/2023\/06\/5KW-STEALTH-ENERGY-INVERSOR-SOLAR-HIBRIDO-MONOFASICO.pdf\"><span> Product sheet<\/span><\/a> <a target=\"_blank\" class=\"btn  medium\" href=\"https:\/\/jrmsolar.net\/wp-content\/uploads\/2023\/06\/5KW-STEALTH-ENERGY-INVERSOR-SOLAR-HIBRIDO-MONOFASICO-2.pdf\"><span> Technical specifications<\/span><\/a><\/p>","protected":false},"excerpt":{"rendered":"<p>Inversor Solar Stealth Hibrido Monofasico 5kW, ST-INV-S5,0 2MPPT, WiFi, Smart Meter Eficiencia m\u00e1xima del 97,6% con tensi\u00f3n de arranque ultra baja MPPT r\u00e1pido y din\u00e1mico y rango de voltaje DC l\u00edder en la industria. Funci\u00f3n EMS inteligente puede utilizar la energ\u00eda solar 24\/7 y reducir&#8230;<\/p>","protected":false},"featured_media":13038,"template":"","meta":[],"etheme_brands":[{"term_id":425,"name":"Stealth Energy","slug":"stealth-energy","term_group":0,"term_taxonomy_id":425,"taxonomy":"brand","description":"","parent":0,"count":9,"filter":"raw"}],"product_cat":[452],"product_tag":[508,451,449,439],"class_list":["post-13037","product","type-product","status-publish","has-post-thumbnail","hentry","brand-stealth-energy","product_cat-inversores","product_tag-hibrido","product_tag-inversor","product_tag-monofasico","product_tag-stealth"],"yoast_head":"<!-- This site is optimized with the Yoast SEO plugin v23.2 - https:\/\/yoast.com\/wordpress\/plugins\/seo\/ -->\n<title>Inversor Stealth Hibrido Monofasico 5 kwh - JRM Solar<\/title>\n<meta name=\"robots\" content=\"index, follow, max-snippet:-1, max-image-preview:large, max-video-preview:-1\" \/>\n<link rel=\"canonical\" href=\"https:\/\/www.jrmsolar.net\/en\/product\/inverter-stealth-stealth-hybrid-monophase-5-kwh\/\" \/>\n<meta property=\"og:locale\" content=\"en_GB\" \/>\n<meta property=\"og:type\" content=\"article\" \/>\n<meta property=\"og:title\" content=\"Inversor Stealth Hibrido Monofasico 5 kwh - JRM Solar\" \/>\n<meta property=\"og:description\" content=\"Inversor Solar Stealth Hibrido Monofasico 5kW, ST-INV-S5,0 2MPPT, WiFi, Smart Meter Eficiencia m\u00e1xima del 97,6% con tensi\u00f3n de arranque ultra baja MPPT r\u00e1pido y din\u00e1mico y rango de voltaje DC l\u00edder en la industria. Funci\u00f3n EMS inteligente puede utilizar la energ\u00eda solar 24\/7 y reducir...\" \/>\n<meta property=\"og:url\" content=\"https:\/\/www.jrmsolar.net\/en\/product\/inverter-stealth-stealth-hybrid-monophase-5-kwh\/\" \/>\n<meta property=\"og:site_name\" content=\"JRM Solar\" \/>\n<meta property=\"article:modified_time\" content=\"2024-03-14T09:00:36+00:00\" \/>\n<meta property=\"og:image\" content=\"https:\/\/www.jrmsolar.net\/wp-content\/uploads\/2023\/05\/3.jpeg\" \/>\n\t<meta property=\"og:image:width\" content=\"1440\" \/>\n\t<meta property=\"og:image:height\" content=\"1080\" \/>\n\t<meta property=\"og:image:type\" content=\"image\/jpeg\" \/>\n<meta name=\"twitter:card\" content=\"summary_large_image\" \/>\n<meta name=\"twitter:label1\" content=\"Estimated reading time\" \/>\n\t<meta name=\"twitter:data1\" content=\"2 minutes\" \/>\n<script type=\"application\/ld+json\" class=\"yoast-schema-graph\">{\"@context\":\"https:\/\/schema.org\",\"@graph\":[{\"@type\":\"WebPage\",\"@id\":\"https:\/\/www.jrmsolar.net\/producto\/inversor-stealth-hibrido-monofasico-5-kwh\/\",\"url\":\"https:\/\/www.jrmsolar.net\/producto\/inversor-stealth-hibrido-monofasico-5-kwh\/\",\"name\":\"Inversor Stealth Hibrido Monofasico 5 kwh - JRM Solar\",\"isPartOf\":{\"@id\":\"https:\/\/www.jrmsolar.net\/#website\"},\"primaryImageOfPage\":{\"@id\":\"https:\/\/www.jrmsolar.net\/producto\/inversor-stealth-hibrido-monofasico-5-kwh\/#primaryimage\"},\"image\":{\"@id\":\"https:\/\/www.jrmsolar.net\/producto\/inversor-stealth-hibrido-monofasico-5-kwh\/#primaryimage\"},\"thumbnailUrl\":\"https:\/\/www.jrmsolar.net\/wp-content\/uploads\/2023\/05\/3.jpeg\",\"datePublished\":\"2023-05-19T10:08:02+00:00\",\"dateModified\":\"2024-03-14T09:00:36+00:00\",\"breadcrumb\":{\"@id\":\"https:\/\/www.jrmsolar.net\/producto\/inversor-stealth-hibrido-monofasico-5-kwh\/#breadcrumb\"},\"inLanguage\":\"en-GB\",\"potentialAction\":[{\"@type\":\"ReadAction\",\"target\":[\"https:\/\/www.jrmsolar.net\/producto\/inversor-stealth-hibrido-monofasico-5-kwh\/\"]}]},{\"@type\":\"ImageObject\",\"inLanguage\":\"en-GB\",\"@id\":\"https:\/\/www.jrmsolar.net\/producto\/inversor-stealth-hibrido-monofasico-5-kwh\/#primaryimage\",\"url\":\"https:\/\/www.jrmsolar.net\/wp-content\/uploads\/2023\/05\/3.jpeg\",\"contentUrl\":\"https:\/\/www.jrmsolar.net\/wp-content\/uploads\/2023\/05\/3.jpeg\",\"width\":1440,\"height\":1080},{\"@type\":\"BreadcrumbList\",\"@id\":\"https:\/\/www.jrmsolar.net\/producto\/inversor-stealth-hibrido-monofasico-5-kwh\/#breadcrumb\",\"itemListElement\":[{\"@type\":\"ListItem\",\"position\":1,\"name\":\"Portada\",\"item\":\"https:\/\/www.jrmsolar.net\/\"},{\"@type\":\"ListItem\",\"position\":2,\"name\":\"Tienda\",\"item\":\"https:\/\/www.jrmsolar.net\/tienda\/\"},{\"@type\":\"ListItem\",\"position\":3,\"name\":\"Inversor Stealth Hibrido Monofasico 5 kwh\"}]},{\"@type\":\"WebSite\",\"@id\":\"https:\/\/www.jrmsolar.net\/#website\",\"url\":\"https:\/\/www.jrmsolar.net\/\",\"name\":\"JRM Solar\",\"description\":\"Suministros para instalaciones de energ\u00eda solar\",\"potentialAction\":[{\"@type\":\"SearchAction\",\"target\":{\"@type\":\"EntryPoint\",\"urlTemplate\":\"https:\/\/www.jrmsolar.net\/?s={search_term_string}\"},\"query-input\":\"required name=search_term_string\"}],\"inLanguage\":\"en-GB\"}]}<\/script>\n<!-- \/ Yoast SEO plugin. -->","yoast_head_json":{"title":"Inversor Stealth Hibrido Monofasico 5 kwh - JRM Solar","robots":{"index":"index","follow":"follow","max-snippet":"max-snippet:-1","max-image-preview":"max-image-preview:large","max-video-preview":"max-video-preview:-1"},"canonical":"https:\/\/www.jrmsolar.net\/en\/product\/inverter-stealth-stealth-hybrid-monophase-5-kwh\/","og_locale":"en_GB","og_type":"article","og_title":"Inversor Stealth Hibrido Monofasico 5 kwh - JRM Solar","og_description":"Inversor Solar Stealth Hibrido Monofasico 5kW, ST-INV-S5,0 2MPPT, WiFi, Smart Meter Eficiencia m\u00e1xima del 97,6% con tensi\u00f3n de arranque ultra baja MPPT r\u00e1pido y din\u00e1mico y rango de voltaje DC l\u00edder en la industria. Funci\u00f3n EMS inteligente puede utilizar la energ\u00eda solar 24\/7 y reducir...","og_url":"https:\/\/www.jrmsolar.net\/en\/product\/inverter-stealth-stealth-hybrid-monophase-5-kwh\/","og_site_name":"JRM Solar","article_modified_time":"2024-03-14T09:00:36+00:00","og_image":[{"width":1440,"height":1080,"url":"https:\/\/www.jrmsolar.net\/wp-content\/uploads\/2023\/05\/3.jpeg","type":"image\/jpeg"}],"twitter_card":"summary_large_image","twitter_misc":{"Estimated reading time":"2 minutes"},"schema":{"@context":"https:\/\/schema.org","@graph":[{"@type":"WebPage","@id":"https:\/\/www.jrmsolar.net\/producto\/inversor-stealth-hibrido-monofasico-5-kwh\/","url":"https:\/\/www.jrmsolar.net\/producto\/inversor-stealth-hibrido-monofasico-5-kwh\/","name":"Inversor Stealth Hibrido Monofasico 5 kwh - JRM Solar","isPartOf":{"@id":"https:\/\/www.jrmsolar.net\/#website"},"primaryImageOfPage":{"@id":"https:\/\/www.jrmsolar.net\/producto\/inversor-stealth-hibrido-monofasico-5-kwh\/#primaryimage"},"image":{"@id":"https:\/\/www.jrmsolar.net\/producto\/inversor-stealth-hibrido-monofasico-5-kwh\/#primaryimage"},"thumbnailUrl":"https:\/\/www.jrmsolar.net\/wp-content\/uploads\/2023\/05\/3.jpeg","datePublished":"2023-05-19T10:08:02+00:00","dateModified":"2024-03-14T09:00:36+00:00","breadcrumb":{"@id":"https:\/\/www.jrmsolar.net\/producto\/inversor-stealth-hibrido-monofasico-5-kwh\/#breadcrumb"},"inLanguage":"en-GB","potentialAction":[{"@type":"ReadAction","target":["https:\/\/www.jrmsolar.net\/producto\/inversor-stealth-hibrido-monofasico-5-kwh\/"]}]},{"@type":"ImageObject","inLanguage":"en-GB","@id":"https:\/\/www.jrmsolar.net\/producto\/inversor-stealth-hibrido-monofasico-5-kwh\/#primaryimage","url":"https:\/\/www.jrmsolar.net\/wp-content\/uploads\/2023\/05\/3.jpeg","contentUrl":"https:\/\/www.jrmsolar.net\/wp-content\/uploads\/2023\/05\/3.jpeg","width":1440,"height":1080},{"@type":"BreadcrumbList","@id":"https:\/\/www.jrmsolar.net\/producto\/inversor-stealth-hibrido-monofasico-5-kwh\/#breadcrumb","itemListElement":[{"@type":"ListItem","position":1,"name":"Portada","item":"https:\/\/www.jrmsolar.net\/"},{"@type":"ListItem","position":2,"name":"Tienda","item":"https:\/\/www.jrmsolar.net\/tienda\/"},{"@type":"ListItem","position":3,"name":"Inversor Stealth Hibrido Monofasico 5 kwh"}]},{"@type":"WebSite","@id":"https:\/\/www.jrmsolar.net\/#website","url":"https:\/\/www.jrmsolar.net\/","name":"JRM Solar","description":"Suministros para instalaciones de energ\u00eda solar","potentialAction":[{"@type":"SearchAction","target":{"@type":"EntryPoint","urlTemplate":"https:\/\/www.jrmsolar.net\/?s={search_term_string}"},"query-input":"required name=search_term_string"}],"inLanguage":"en-GB"}]}},"_links":{"self":[{"href":"https:\/\/www.jrmsolar.net\/en\/wp-json\/wp\/v2\/product\/13037","targetHints":{"allow":["GET"]}}],"collection":[{"href":"https:\/\/www.jrmsolar.net\/en\/wp-json\/wp\/v2\/product"}],"about":[{"href":"https:\/\/www.jrmsolar.net\/en\/wp-json\/wp\/v2\/types\/product"}],"version-history":[{"count":9,"href":"https:\/\/www.jrmsolar.net\/en\/wp-json\/wp\/v2\/product\/13037\/revisions"}],"predecessor-version":[{"id":13319,"href":"https:\/\/www.jrmsolar.net\/en\/wp-json\/wp\/v2\/product\/13037\/revisions\/13319"}],"wp:featuredmedia":[{"embeddable":true,"href":"https:\/\/www.jrmsolar.net\/en\/wp-json\/wp\/v2\/media\/13038"}],"wp:attachment":[{"href":"https:\/\/www.jrmsolar.net\/en\/wp-json\/wp\/v2\/media?parent=13037"}],"wp:term":[{"taxonomy":"brand","embeddable":true,"href":"https:\/\/www.jrmsolar.net\/en\/wp-json\/wp\/v2\/etheme_brands?post=13037"},{"taxonomy":"product_cat","embeddable":true,"href":"https:\/\/www.jrmsolar.net\/en\/wp-json\/wp\/v2\/product_cat?post=13037"},{"taxonomy":"product_tag","embeddable":true,"href":"https:\/\/www.jrmsolar.net\/en\/wp-json\/wp\/v2\/product_tag?post=13037"}],"curies":[{"name":"wp","href":"https:\/\/api.w.org\/{rel}","templated":true}]}}