{"id":13231,"date":"2023-07-25T18:14:29","date_gmt":"2023-07-25T17:14:29","guid":{"rendered":"https:\/\/jrmsolar.net\/?post_type=product&#038;p=13231"},"modified":"2024-03-14T09:59:43","modified_gmt":"2024-03-14T08:59:43","slug":"inversor-stealth-hibrido-trifasico-10-kwh","status":"publish","type":"product","link":"https:\/\/www.jrmsolar.net\/en\/product\/inverter-stealth-hybrid-stealth-hybrid-triphase-10-kwh\/","title":{"rendered":"Inverter Stealth Hybrid Three Phase 10 kwh"},"content":{"rendered":"<p><strong>Solar Inverter Stealth Hybrid Three-Phase 10kW ST-Inv-T10.0<\/strong><\/p>\n<p>2MPPT, WiFi, Smart Meter<\/p>\n<p>Maximum efficiency of 98.6% at ultra-low starting voltage<\/p>\n<p>Supports multiple inverters in parallel with a maximum of 16 machines.<\/p>\n<p>Fast, dynamic MPPT and industry-leading DC voltage range.<\/p>\n<p>Smart EMS function can use solar power 24\/7 and reduce your energy bills<\/p>\n<p>IP65 protection<\/p>\n<p>Off-grid back-up function in less than 200ms<\/p>\n<p>7 year standard warranty with extension options up to 15 years<\/p>\n<p>Dimensions: W457xH654xD228<\/p>\n<p>Weight: 28kg<\/p>\n<p>Size: 457Wx654Hx228D<\/p>\n<p><img fetchpriority=\"high\" decoding=\"async\" class=\"alignnone size-medium wp-image-13299\" src=\"https:\/\/jrmsolar.net\/wp-content\/uploads\/2023\/05\/INVERSOR-SIDE-VIEW-300x225.jpg\" alt=\"\" width=\"300\" height=\"225\" srcset=\"https:\/\/www.jrmsolar.net\/wp-content\/uploads\/2023\/05\/INVERSOR-SIDE-VIEW-300x225.jpg 300w, https:\/\/www.jrmsolar.net\/wp-content\/uploads\/2023\/05\/INVERSOR-SIDE-VIEW-1024x768.jpg 1024w, https:\/\/www.jrmsolar.net\/wp-content\/uploads\/2023\/05\/INVERSOR-SIDE-VIEW-768x576.jpg 768w, https:\/\/www.jrmsolar.net\/wp-content\/uploads\/2023\/05\/INVERSOR-SIDE-VIEW-16x12.jpg 16w, https:\/\/www.jrmsolar.net\/wp-content\/uploads\/2023\/05\/INVERSOR-SIDE-VIEW-600x450.jpg 600w, https:\/\/www.jrmsolar.net\/wp-content\/uploads\/2023\/05\/INVERSOR-SIDE-VIEW-1x1.jpg 1w, https:\/\/www.jrmsolar.net\/wp-content\/uploads\/2023\/05\/INVERSOR-SIDE-VIEW-10x8.jpg 10w, https:\/\/www.jrmsolar.net\/wp-content\/uploads\/2023\/05\/INVERSOR-SIDE-VIEW.jpg 1440w\" sizes=\"(max-width: 300px) 100vw, 300px\" \/><img decoding=\"async\" class=\"alignnone size-medium wp-image-13302\" src=\"https:\/\/jrmsolar.net\/wp-content\/uploads\/2023\/05\/10kw-3phase-hybrid-inverter-221x300.jpg\" alt=\"\" width=\"221\" height=\"300\" srcset=\"https:\/\/www.jrmsolar.net\/wp-content\/uploads\/2023\/05\/10kw-3phase-hybrid-inverter-221x300.jpg 221w, https:\/\/www.jrmsolar.net\/wp-content\/uploads\/2023\/05\/10kw-3phase-hybrid-inverter-9x12.jpg 9w, https:\/\/www.jrmsolar.net\/wp-content\/uploads\/2023\/05\/10kw-3phase-hybrid-inverter-600x813.jpg 600w, https:\/\/www.jrmsolar.net\/wp-content\/uploads\/2023\/05\/10kw-3phase-hybrid-inverter-1x1.jpg 1w, https:\/\/www.jrmsolar.net\/wp-content\/uploads\/2023\/05\/10kw-3phase-hybrid-inverter-7x10.jpg 7w, https:\/\/www.jrmsolar.net\/wp-content\/uploads\/2023\/05\/10kw-3phase-hybrid-inverter.jpg 651w\" sizes=\"(max-width: 221px) 100vw, 221px\" \/><\/p>\n<p>Stealth is a leader in residential energy storage and a pioneer in energy storage technology innovation. It is a high-tech, production, sales and service company of energy storage systems. Since 2017, the company has been market-oriented, dedicated to scientific and technological innovation to provide customers with the safest products with the best product experience, performance and price.<br \/>\nIts products are distributed in more than 30 countries around the world.<\/p>\n<p>Stealth offers a wide range of single-phase and three-phase hybrid solar inverters for residential applications that meet household needs for reliable and sustainable power generation. With simple installation and minimalist design, Stealth inverters complement a wide variety of home styles and solar systems.<\/p>\n<p>&nbsp;<\/p>\n<a target=\"_blank\" class=\"btn  medium\" href=\"https:\/\/jrmsolar.net\/wp-content\/uploads\/2023\/06\/10KW-STEALTH-ENERGY-INVERSOR-SOLAR-HIBRIDO-TRIFASICO-2.pdf\"><span> Technical specifications<\/span><\/a>","protected":false},"excerpt":{"rendered":"<p>Inversor Solar Stealth Hibrido Trifasico 10kW ST-Inv-T10.0 2MPPT, WiFi, Smart Meter Eficiencia m\u00e1xima del 98,6% con tensi\u00f3n de arranque ultra baja Soporta m\u00faltiples inversores en paralelo con un m\u00e1ximo de 16 m\u00e1quinas. MPPT r\u00e1pido y din\u00e1mico y rango de voltaje DC l\u00edder en la industria&#8230;.<\/p>","protected":false},"featured_media":13038,"template":"","meta":[],"etheme_brands":[{"term_id":425,"name":"Stealth Energy","slug":"stealth-energy","term_group":0,"term_taxonomy_id":425,"taxonomy":"brand","description":"","parent":0,"count":9,"filter":"raw"}],"product_cat":[452],"product_tag":[508,451,439,450],"class_list":["post-13231","product","type-product","status-publish","has-post-thumbnail","hentry","brand-stealth-energy","product_cat-inversores","product_tag-hibrido","product_tag-inversor","product_tag-stealth","product_tag-trifasico"],"yoast_head":"<!-- This site is optimized with the Yoast SEO plugin v23.2 - https:\/\/yoast.com\/wordpress\/plugins\/seo\/ -->\n<title>Inversor Stealth Hibrido Trifasico 10 kwh - JRM Solar<\/title>\n<meta name=\"robots\" content=\"index, follow, max-snippet:-1, max-image-preview:large, max-video-preview:-1\" \/>\n<link rel=\"canonical\" href=\"https:\/\/www.jrmsolar.net\/en\/product\/inverter-stealth-hybrid-stealth-hybrid-triphase-10-kwh\/\" \/>\n<meta property=\"og:locale\" content=\"en_GB\" \/>\n<meta property=\"og:type\" content=\"article\" \/>\n<meta property=\"og:title\" content=\"Inversor Stealth Hibrido Trifasico 10 kwh - JRM Solar\" \/>\n<meta property=\"og:description\" content=\"Inversor Solar Stealth Hibrido Trifasico 10kW ST-Inv-T10.0 2MPPT, WiFi, Smart Meter Eficiencia m\u00e1xima del 98,6% con tensi\u00f3n de arranque ultra baja Soporta m\u00faltiples inversores en paralelo con un m\u00e1ximo de 16 m\u00e1quinas. MPPT r\u00e1pido y din\u00e1mico y rango de voltaje DC l\u00edder en la industria....\" \/>\n<meta property=\"og:url\" content=\"https:\/\/www.jrmsolar.net\/en\/product\/inverter-stealth-hybrid-stealth-hybrid-triphase-10-kwh\/\" \/>\n<meta property=\"og:site_name\" content=\"JRM Solar\" \/>\n<meta property=\"article:modified_time\" content=\"2024-03-14T08:59:43+00:00\" \/>\n<meta property=\"og:image\" content=\"https:\/\/www.jrmsolar.net\/wp-content\/uploads\/2023\/05\/3.jpeg\" \/>\n\t<meta property=\"og:image:width\" content=\"1440\" \/>\n\t<meta property=\"og:image:height\" content=\"1080\" \/>\n\t<meta property=\"og:image:type\" content=\"image\/jpeg\" \/>\n<meta name=\"twitter:card\" content=\"summary_large_image\" \/>\n<meta name=\"twitter:label1\" content=\"Estimated reading time\" \/>\n\t<meta name=\"twitter:data1\" content=\"2 minutes\" \/>\n<script type=\"application\/ld+json\" class=\"yoast-schema-graph\">{\"@context\":\"https:\/\/schema.org\",\"@graph\":[{\"@type\":\"WebPage\",\"@id\":\"https:\/\/www.jrmsolar.net\/producto\/inversor-stealth-hibrido-trifasico-10-kwh\/\",\"url\":\"https:\/\/www.jrmsolar.net\/producto\/inversor-stealth-hibrido-trifasico-10-kwh\/\",\"name\":\"Inversor Stealth Hibrido Trifasico 10 kwh - JRM Solar\",\"isPartOf\":{\"@id\":\"https:\/\/www.jrmsolar.net\/#website\"},\"primaryImageOfPage\":{\"@id\":\"https:\/\/www.jrmsolar.net\/producto\/inversor-stealth-hibrido-trifasico-10-kwh\/#primaryimage\"},\"image\":{\"@id\":\"https:\/\/www.jrmsolar.net\/producto\/inversor-stealth-hibrido-trifasico-10-kwh\/#primaryimage\"},\"thumbnailUrl\":\"https:\/\/www.jrmsolar.net\/wp-content\/uploads\/2023\/05\/3.jpeg\",\"datePublished\":\"2023-07-25T17:14:29+00:00\",\"dateModified\":\"2024-03-14T08:59:43+00:00\",\"breadcrumb\":{\"@id\":\"https:\/\/www.jrmsolar.net\/producto\/inversor-stealth-hibrido-trifasico-10-kwh\/#breadcrumb\"},\"inLanguage\":\"en-GB\",\"potentialAction\":[{\"@type\":\"ReadAction\",\"target\":[\"https:\/\/www.jrmsolar.net\/producto\/inversor-stealth-hibrido-trifasico-10-kwh\/\"]}]},{\"@type\":\"ImageObject\",\"inLanguage\":\"en-GB\",\"@id\":\"https:\/\/www.jrmsolar.net\/producto\/inversor-stealth-hibrido-trifasico-10-kwh\/#primaryimage\",\"url\":\"https:\/\/www.jrmsolar.net\/wp-content\/uploads\/2023\/05\/3.jpeg\",\"contentUrl\":\"https:\/\/www.jrmsolar.net\/wp-content\/uploads\/2023\/05\/3.jpeg\",\"width\":1440,\"height\":1080},{\"@type\":\"BreadcrumbList\",\"@id\":\"https:\/\/www.jrmsolar.net\/producto\/inversor-stealth-hibrido-trifasico-10-kwh\/#breadcrumb\",\"itemListElement\":[{\"@type\":\"ListItem\",\"position\":1,\"name\":\"Portada\",\"item\":\"https:\/\/www.jrmsolar.net\/\"},{\"@type\":\"ListItem\",\"position\":2,\"name\":\"Tienda\",\"item\":\"https:\/\/www.jrmsolar.net\/tienda\/\"},{\"@type\":\"ListItem\",\"position\":3,\"name\":\"Inversor Stealth Hibrido Trifasico 10 kwh\"}]},{\"@type\":\"WebSite\",\"@id\":\"https:\/\/www.jrmsolar.net\/#website\",\"url\":\"https:\/\/www.jrmsolar.net\/\",\"name\":\"JRM Solar\",\"description\":\"Suministros para instalaciones de energ\u00eda solar\",\"potentialAction\":[{\"@type\":\"SearchAction\",\"target\":{\"@type\":\"EntryPoint\",\"urlTemplate\":\"https:\/\/www.jrmsolar.net\/?s={search_term_string}\"},\"query-input\":\"required name=search_term_string\"}],\"inLanguage\":\"en-GB\"}]}<\/script>\n<!-- \/ Yoast SEO plugin. -->","yoast_head_json":{"title":"Inversor Stealth Hibrido Trifasico 10 kwh - JRM Solar","robots":{"index":"index","follow":"follow","max-snippet":"max-snippet:-1","max-image-preview":"max-image-preview:large","max-video-preview":"max-video-preview:-1"},"canonical":"https:\/\/www.jrmsolar.net\/en\/product\/inverter-stealth-hybrid-stealth-hybrid-triphase-10-kwh\/","og_locale":"en_GB","og_type":"article","og_title":"Inversor Stealth Hibrido Trifasico 10 kwh - JRM Solar","og_description":"Inversor Solar Stealth Hibrido Trifasico 10kW ST-Inv-T10.0 2MPPT, WiFi, Smart Meter Eficiencia m\u00e1xima del 98,6% con tensi\u00f3n de arranque ultra baja Soporta m\u00faltiples inversores en paralelo con un m\u00e1ximo de 16 m\u00e1quinas. MPPT r\u00e1pido y din\u00e1mico y rango de voltaje DC l\u00edder en la industria....","og_url":"https:\/\/www.jrmsolar.net\/en\/product\/inverter-stealth-hybrid-stealth-hybrid-triphase-10-kwh\/","og_site_name":"JRM Solar","article_modified_time":"2024-03-14T08:59:43+00:00","og_image":[{"width":1440,"height":1080,"url":"https:\/\/www.jrmsolar.net\/wp-content\/uploads\/2023\/05\/3.jpeg","type":"image\/jpeg"}],"twitter_card":"summary_large_image","twitter_misc":{"Estimated reading time":"2 minutes"},"schema":{"@context":"https:\/\/schema.org","@graph":[{"@type":"WebPage","@id":"https:\/\/www.jrmsolar.net\/producto\/inversor-stealth-hibrido-trifasico-10-kwh\/","url":"https:\/\/www.jrmsolar.net\/producto\/inversor-stealth-hibrido-trifasico-10-kwh\/","name":"Inversor Stealth Hibrido Trifasico 10 kwh - JRM Solar","isPartOf":{"@id":"https:\/\/www.jrmsolar.net\/#website"},"primaryImageOfPage":{"@id":"https:\/\/www.jrmsolar.net\/producto\/inversor-stealth-hibrido-trifasico-10-kwh\/#primaryimage"},"image":{"@id":"https:\/\/www.jrmsolar.net\/producto\/inversor-stealth-hibrido-trifasico-10-kwh\/#primaryimage"},"thumbnailUrl":"https:\/\/www.jrmsolar.net\/wp-content\/uploads\/2023\/05\/3.jpeg","datePublished":"2023-07-25T17:14:29+00:00","dateModified":"2024-03-14T08:59:43+00:00","breadcrumb":{"@id":"https:\/\/www.jrmsolar.net\/producto\/inversor-stealth-hibrido-trifasico-10-kwh\/#breadcrumb"},"inLanguage":"en-GB","potentialAction":[{"@type":"ReadAction","target":["https:\/\/www.jrmsolar.net\/producto\/inversor-stealth-hibrido-trifasico-10-kwh\/"]}]},{"@type":"ImageObject","inLanguage":"en-GB","@id":"https:\/\/www.jrmsolar.net\/producto\/inversor-stealth-hibrido-trifasico-10-kwh\/#primaryimage","url":"https:\/\/www.jrmsolar.net\/wp-content\/uploads\/2023\/05\/3.jpeg","contentUrl":"https:\/\/www.jrmsolar.net\/wp-content\/uploads\/2023\/05\/3.jpeg","width":1440,"height":1080},{"@type":"BreadcrumbList","@id":"https:\/\/www.jrmsolar.net\/producto\/inversor-stealth-hibrido-trifasico-10-kwh\/#breadcrumb","itemListElement":[{"@type":"ListItem","position":1,"name":"Portada","item":"https:\/\/www.jrmsolar.net\/"},{"@type":"ListItem","position":2,"name":"Tienda","item":"https:\/\/www.jrmsolar.net\/tienda\/"},{"@type":"ListItem","position":3,"name":"Inversor Stealth Hibrido Trifasico 10 kwh"}]},{"@type":"WebSite","@id":"https:\/\/www.jrmsolar.net\/#website","url":"https:\/\/www.jrmsolar.net\/","name":"JRM Solar","description":"Suministros para instalaciones de energ\u00eda solar","potentialAction":[{"@type":"SearchAction","target":{"@type":"EntryPoint","urlTemplate":"https:\/\/www.jrmsolar.net\/?s={search_term_string}"},"query-input":"required name=search_term_string"}],"inLanguage":"en-GB"}]}},"_links":{"self":[{"href":"https:\/\/www.jrmsolar.net\/en\/wp-json\/wp\/v2\/product\/13231","targetHints":{"allow":["GET"]}}],"collection":[{"href":"https:\/\/www.jrmsolar.net\/en\/wp-json\/wp\/v2\/product"}],"about":[{"href":"https:\/\/www.jrmsolar.net\/en\/wp-json\/wp\/v2\/types\/product"}],"version-history":[{"count":5,"href":"https:\/\/www.jrmsolar.net\/en\/wp-json\/wp\/v2\/product\/13231\/revisions"}],"predecessor-version":[{"id":13306,"href":"https:\/\/www.jrmsolar.net\/en\/wp-json\/wp\/v2\/product\/13231\/revisions\/13306"}],"wp:featuredmedia":[{"embeddable":true,"href":"https:\/\/www.jrmsolar.net\/en\/wp-json\/wp\/v2\/media\/13038"}],"wp:attachment":[{"href":"https:\/\/www.jrmsolar.net\/en\/wp-json\/wp\/v2\/media?parent=13231"}],"wp:term":[{"taxonomy":"brand","embeddable":true,"href":"https:\/\/www.jrmsolar.net\/en\/wp-json\/wp\/v2\/etheme_brands?post=13231"},{"taxonomy":"product_cat","embeddable":true,"href":"https:\/\/www.jrmsolar.net\/en\/wp-json\/wp\/v2\/product_cat?post=13231"},{"taxonomy":"product_tag","embeddable":true,"href":"https:\/\/www.jrmsolar.net\/en\/wp-json\/wp\/v2\/product_tag?post=13231"}],"curies":[{"name":"wp","href":"https:\/\/api.w.org\/{rel}","templated":true}]}}