{"id":13332,"date":"2024-01-23T12:45:16","date_gmt":"2024-01-23T11:45:16","guid":{"rendered":"https:\/\/jrmsolar.net\/?post_type=product&#038;p=13332"},"modified":"2024-01-23T16:29:17","modified_gmt":"2024-01-23T15:29:17","slug":"jinergy-108-400w-all-black","status":"publish","type":"product","link":"https:\/\/www.jrmsolar.net\/en\/product\/jinergy-108-400w-all-black\/","title":{"rendered":"JINERGY 400W ALL BLACK"},"content":{"rendered":"<p>Product warranty 12 years, production 25 years, Max. voltage: 1500V<br \/>\nDimensions 1722*1134*30mm 21Kg<\/p>","protected":false},"excerpt":{"rendered":"<p>Product warranty 12 years, production 25 years, Maximum voltage: 1500V Dimensions 1722*1134*30mm 21Kg<\/p>","protected":false},"featured_media":13333,"template":"","meta":[],"etheme_brands":[],"product_cat":[424],"product_tag":[],"class_list":["post-13332","product","type-product","status-publish","has-post-thumbnail","hentry","product_cat-paneles-solares"],"yoast_head":"<!-- This site is optimized with the Yoast SEO plugin v23.2 - https:\/\/yoast.com\/wordpress\/plugins\/seo\/ -->\n<title>JINERGY 400W ALL BLACK - JRM Solar<\/title>\n<meta name=\"robots\" content=\"index, follow, max-snippet:-1, max-image-preview:large, max-video-preview:-1\" \/>\n<link rel=\"canonical\" href=\"https:\/\/www.jrmsolar.net\/en\/product\/jinergy-108-400w-all-black\/\" \/>\n<meta property=\"og:locale\" content=\"en_GB\" \/>\n<meta property=\"og:type\" content=\"article\" \/>\n<meta property=\"og:title\" content=\"JINERGY 400W ALL BLACK - JRM Solar\" \/>\n<meta property=\"og:description\" content=\"Garantia producto 12 a\u00f1os, producci\u00f3n 25 a\u00f1os, Voltaje M\u00e1ximo: 1500V Medidas 1722*1134*30mm 21Kg\" \/>\n<meta property=\"og:url\" content=\"https:\/\/www.jrmsolar.net\/en\/product\/jinergy-108-400w-all-black\/\" \/>\n<meta property=\"og:site_name\" content=\"JRM Solar\" \/>\n<meta property=\"article:modified_time\" content=\"2024-01-23T15:29:17+00:00\" \/>\n<meta property=\"og:image\" content=\"https:\/\/www.jrmsolar.net\/wp-content\/uploads\/2024\/01\/JINERGY-400W-ALL-BLACK.png\" \/>\n\t<meta property=\"og:image:width\" content=\"1024\" \/>\n\t<meta property=\"og:image:height\" content=\"1024\" \/>\n\t<meta property=\"og:image:type\" content=\"image\/png\" \/>\n<meta name=\"twitter:card\" content=\"summary_large_image\" \/>\n<meta name=\"twitter:label1\" content=\"Estimated reading time\" \/>\n\t<meta name=\"twitter:data1\" content=\"1 minute\" \/>\n<script type=\"application\/ld+json\" class=\"yoast-schema-graph\">{\"@context\":\"https:\/\/schema.org\",\"@graph\":[{\"@type\":\"WebPage\",\"@id\":\"https:\/\/www.jrmsolar.net\/producto\/jinergy-108-400w-all-black\/\",\"url\":\"https:\/\/www.jrmsolar.net\/producto\/jinergy-108-400w-all-black\/\",\"name\":\"JINERGY 400W ALL BLACK - JRM Solar\",\"isPartOf\":{\"@id\":\"https:\/\/www.jrmsolar.net\/#website\"},\"primaryImageOfPage\":{\"@id\":\"https:\/\/www.jrmsolar.net\/producto\/jinergy-108-400w-all-black\/#primaryimage\"},\"image\":{\"@id\":\"https:\/\/www.jrmsolar.net\/producto\/jinergy-108-400w-all-black\/#primaryimage\"},\"thumbnailUrl\":\"https:\/\/www.jrmsolar.net\/wp-content\/uploads\/2024\/01\/JINERGY-400W-ALL-BLACK.png\",\"datePublished\":\"2024-01-23T11:45:16+00:00\",\"dateModified\":\"2024-01-23T15:29:17+00:00\",\"breadcrumb\":{\"@id\":\"https:\/\/www.jrmsolar.net\/producto\/jinergy-108-400w-all-black\/#breadcrumb\"},\"inLanguage\":\"en-GB\",\"potentialAction\":[{\"@type\":\"ReadAction\",\"target\":[\"https:\/\/www.jrmsolar.net\/producto\/jinergy-108-400w-all-black\/\"]}]},{\"@type\":\"ImageObject\",\"inLanguage\":\"en-GB\",\"@id\":\"https:\/\/www.jrmsolar.net\/producto\/jinergy-108-400w-all-black\/#primaryimage\",\"url\":\"https:\/\/www.jrmsolar.net\/wp-content\/uploads\/2024\/01\/JINERGY-400W-ALL-BLACK.png\",\"contentUrl\":\"https:\/\/www.jrmsolar.net\/wp-content\/uploads\/2024\/01\/JINERGY-400W-ALL-BLACK.png\",\"width\":1024,\"height\":1024},{\"@type\":\"BreadcrumbList\",\"@id\":\"https:\/\/www.jrmsolar.net\/producto\/jinergy-108-400w-all-black\/#breadcrumb\",\"itemListElement\":[{\"@type\":\"ListItem\",\"position\":1,\"name\":\"Portada\",\"item\":\"https:\/\/www.jrmsolar.net\/\"},{\"@type\":\"ListItem\",\"position\":2,\"name\":\"Tienda\",\"item\":\"https:\/\/www.jrmsolar.net\/tienda\/\"},{\"@type\":\"ListItem\",\"position\":3,\"name\":\"JINERGY 400W ALL BLACK\"}]},{\"@type\":\"WebSite\",\"@id\":\"https:\/\/www.jrmsolar.net\/#website\",\"url\":\"https:\/\/www.jrmsolar.net\/\",\"name\":\"JRM Solar\",\"description\":\"Suministros para instalaciones de energ\u00eda solar\",\"potentialAction\":[{\"@type\":\"SearchAction\",\"target\":{\"@type\":\"EntryPoint\",\"urlTemplate\":\"https:\/\/www.jrmsolar.net\/?s={search_term_string}\"},\"query-input\":\"required name=search_term_string\"}],\"inLanguage\":\"en-GB\"}]}<\/script>\n<!-- \/ Yoast SEO plugin. -->","yoast_head_json":{"title":"JINERGY 400W ALL BLACK - JRM Solar","robots":{"index":"index","follow":"follow","max-snippet":"max-snippet:-1","max-image-preview":"max-image-preview:large","max-video-preview":"max-video-preview:-1"},"canonical":"https:\/\/www.jrmsolar.net\/en\/product\/jinergy-108-400w-all-black\/","og_locale":"en_GB","og_type":"article","og_title":"JINERGY 400W ALL BLACK - JRM Solar","og_description":"Garantia producto 12 a\u00f1os, producci\u00f3n 25 a\u00f1os, Voltaje M\u00e1ximo: 1500V Medidas 1722*1134*30mm 21Kg","og_url":"https:\/\/www.jrmsolar.net\/en\/product\/jinergy-108-400w-all-black\/","og_site_name":"JRM Solar","article_modified_time":"2024-01-23T15:29:17+00:00","og_image":[{"width":1024,"height":1024,"url":"https:\/\/www.jrmsolar.net\/wp-content\/uploads\/2024\/01\/JINERGY-400W-ALL-BLACK.png","type":"image\/png"}],"twitter_card":"summary_large_image","twitter_misc":{"Estimated reading time":"1 minute"},"schema":{"@context":"https:\/\/schema.org","@graph":[{"@type":"WebPage","@id":"https:\/\/www.jrmsolar.net\/producto\/jinergy-108-400w-all-black\/","url":"https:\/\/www.jrmsolar.net\/producto\/jinergy-108-400w-all-black\/","name":"JINERGY 400W ALL BLACK - JRM Solar","isPartOf":{"@id":"https:\/\/www.jrmsolar.net\/#website"},"primaryImageOfPage":{"@id":"https:\/\/www.jrmsolar.net\/producto\/jinergy-108-400w-all-black\/#primaryimage"},"image":{"@id":"https:\/\/www.jrmsolar.net\/producto\/jinergy-108-400w-all-black\/#primaryimage"},"thumbnailUrl":"https:\/\/www.jrmsolar.net\/wp-content\/uploads\/2024\/01\/JINERGY-400W-ALL-BLACK.png","datePublished":"2024-01-23T11:45:16+00:00","dateModified":"2024-01-23T15:29:17+00:00","breadcrumb":{"@id":"https:\/\/www.jrmsolar.net\/producto\/jinergy-108-400w-all-black\/#breadcrumb"},"inLanguage":"en-GB","potentialAction":[{"@type":"ReadAction","target":["https:\/\/www.jrmsolar.net\/producto\/jinergy-108-400w-all-black\/"]}]},{"@type":"ImageObject","inLanguage":"en-GB","@id":"https:\/\/www.jrmsolar.net\/producto\/jinergy-108-400w-all-black\/#primaryimage","url":"https:\/\/www.jrmsolar.net\/wp-content\/uploads\/2024\/01\/JINERGY-400W-ALL-BLACK.png","contentUrl":"https:\/\/www.jrmsolar.net\/wp-content\/uploads\/2024\/01\/JINERGY-400W-ALL-BLACK.png","width":1024,"height":1024},{"@type":"BreadcrumbList","@id":"https:\/\/www.jrmsolar.net\/producto\/jinergy-108-400w-all-black\/#breadcrumb","itemListElement":[{"@type":"ListItem","position":1,"name":"Portada","item":"https:\/\/www.jrmsolar.net\/"},{"@type":"ListItem","position":2,"name":"Tienda","item":"https:\/\/www.jrmsolar.net\/tienda\/"},{"@type":"ListItem","position":3,"name":"JINERGY 400W ALL BLACK"}]},{"@type":"WebSite","@id":"https:\/\/www.jrmsolar.net\/#website","url":"https:\/\/www.jrmsolar.net\/","name":"JRM Solar","description":"Suministros para instalaciones de energ\u00eda solar","potentialAction":[{"@type":"SearchAction","target":{"@type":"EntryPoint","urlTemplate":"https:\/\/www.jrmsolar.net\/?s={search_term_string}"},"query-input":"required name=search_term_string"}],"inLanguage":"en-GB"}]}},"_links":{"self":[{"href":"https:\/\/www.jrmsolar.net\/en\/wp-json\/wp\/v2\/product\/13332","targetHints":{"allow":["GET"]}}],"collection":[{"href":"https:\/\/www.jrmsolar.net\/en\/wp-json\/wp\/v2\/product"}],"about":[{"href":"https:\/\/www.jrmsolar.net\/en\/wp-json\/wp\/v2\/types\/product"}],"version-history":[{"count":2,"href":"https:\/\/www.jrmsolar.net\/en\/wp-json\/wp\/v2\/product\/13332\/revisions"}],"predecessor-version":[{"id":13350,"href":"https:\/\/www.jrmsolar.net\/en\/wp-json\/wp\/v2\/product\/13332\/revisions\/13350"}],"wp:featuredmedia":[{"embeddable":true,"href":"https:\/\/www.jrmsolar.net\/en\/wp-json\/wp\/v2\/media\/13333"}],"wp:attachment":[{"href":"https:\/\/www.jrmsolar.net\/en\/wp-json\/wp\/v2\/media?parent=13332"}],"wp:term":[{"taxonomy":"brand","embeddable":true,"href":"https:\/\/www.jrmsolar.net\/en\/wp-json\/wp\/v2\/etheme_brands?post=13332"},{"taxonomy":"product_cat","embeddable":true,"href":"https:\/\/www.jrmsolar.net\/en\/wp-json\/wp\/v2\/product_cat?post=13332"},{"taxonomy":"product_tag","embeddable":true,"href":"https:\/\/www.jrmsolar.net\/en\/wp-json\/wp\/v2\/product_tag?post=13332"}],"curies":[{"name":"wp","href":"https:\/\/api.w.org\/{rel}","templated":true}]}}