{"id":13355,"date":"2024-01-23T16:54:32","date_gmt":"2024-01-23T15:54:32","guid":{"rendered":"https:\/\/jrmsolar.net\/?post_type=product&#038;p=13355"},"modified":"2024-01-23T17:07:01","modified_gmt":"2024-01-23T16:07:01","slug":"saj-h1-6k-s2-hybrid","status":"publish","type":"product","link":"https:\/\/www.jrmsolar.net\/en\/product\/saj-h1-6k-s2-hybrid\/","title":{"rendered":"SAJ H1-6K-S2 HYBRID"},"content":{"rendered":"<h2 class=\"o_default_snippet_text\">Hybrid Inverter Single Phase H1<\/h2>\n<ul>\n<li><span class=\"o_default_snippet_text\">With UPS function switching time &lt;10ms.<\/span><\/li>\n<li><span class=\"o_default_snippet_text\">Compatible with zero spill function.<\/span><\/li>\n<li><span class=\"o_default_snippet_text\">24-hour energy monitoring and management.<\/span><\/li>\n<li><span class=\"o_default_snippet_text\">Easy configuration of intelligent working modes.<br \/>\n<\/span><\/li>\n<li><span class=\"o_default_snippet_text\">Max. Load current 100 A.<\/span><\/li>\n<li><span class=\"o_default_snippet_text\">Quiet and comfortable fanless design.<\/span><\/li>\n<\/ul>","protected":false},"excerpt":{"rendered":"<p>Inversor h\u00edbrido Monof\u00e1sico H1 Con tiempo de la conmutaci\u00f3n de la funci\u00f3n de UPS &lt;10ms. Compatible con funci\u00f3n de vertido cero. Monitoreo y gesti\u00f3n de energ\u00eda 24 H. Configuraci\u00f3n sencilla de modos de trabajo inteligentes. Max. Corriente de carga 100 A. Dise\u00f1o sin ventilador silencioso&#8230;<\/p>","protected":false},"featured_media":13347,"template":"","meta":[],"etheme_brands":[],"product_cat":[452],"product_tag":[],"class_list":["post-13355","product","type-product","status-publish","has-post-thumbnail","hentry","product_cat-inversores"],"yoast_head":"<!-- This site is optimized with the Yoast SEO plugin v23.2 - https:\/\/yoast.com\/wordpress\/plugins\/seo\/ -->\n<title>SAJ H1-6K-S2 HYBRID - JRM Solar<\/title>\n<meta name=\"robots\" content=\"index, follow, max-snippet:-1, max-image-preview:large, max-video-preview:-1\" \/>\n<link rel=\"canonical\" href=\"https:\/\/www.jrmsolar.net\/en\/product\/saj-h1-6k-s2-hybrid\/\" \/>\n<meta property=\"og:locale\" content=\"en_GB\" \/>\n<meta property=\"og:type\" content=\"article\" \/>\n<meta property=\"og:title\" content=\"SAJ H1-6K-S2 HYBRID - JRM Solar\" \/>\n<meta property=\"og:description\" content=\"Inversor h\u00edbrido Monof\u00e1sico H1 Con tiempo de la conmutaci\u00f3n de la funci\u00f3n de UPS &lt;10ms. Compatible con funci\u00f3n de vertido cero. Monitoreo y gesti\u00f3n de energ\u00eda 24 H. Configuraci\u00f3n sencilla de modos de trabajo inteligentes. Max. Corriente de carga 100 A. Dise\u00f1o sin ventilador silencioso...\" \/>\n<meta property=\"og:url\" content=\"https:\/\/www.jrmsolar.net\/en\/product\/saj-h1-6k-s2-hybrid\/\" \/>\n<meta property=\"og:site_name\" content=\"JRM Solar\" \/>\n<meta property=\"article:modified_time\" content=\"2024-01-23T16:07:01+00:00\" \/>\n<meta property=\"og:image\" content=\"https:\/\/www.jrmsolar.net\/wp-content\/uploads\/2024\/01\/SAJ-H1-6K-S2-HYBRID.jpg\" \/>\n\t<meta property=\"og:image:width\" content=\"383\" \/>\n\t<meta property=\"og:image:height\" content=\"443\" \/>\n\t<meta property=\"og:image:type\" content=\"image\/jpeg\" \/>\n<meta name=\"twitter:card\" content=\"summary_large_image\" \/>\n<meta name=\"twitter:label1\" content=\"Estimated reading time\" \/>\n\t<meta name=\"twitter:data1\" content=\"1 minute\" \/>\n<script type=\"application\/ld+json\" class=\"yoast-schema-graph\">{\"@context\":\"https:\/\/schema.org\",\"@graph\":[{\"@type\":\"WebPage\",\"@id\":\"https:\/\/www.jrmsolar.net\/producto\/saj-h1-6k-s2-hybrid\/\",\"url\":\"https:\/\/www.jrmsolar.net\/producto\/saj-h1-6k-s2-hybrid\/\",\"name\":\"SAJ H1-6K-S2 HYBRID - JRM Solar\",\"isPartOf\":{\"@id\":\"https:\/\/www.jrmsolar.net\/#website\"},\"primaryImageOfPage\":{\"@id\":\"https:\/\/www.jrmsolar.net\/producto\/saj-h1-6k-s2-hybrid\/#primaryimage\"},\"image\":{\"@id\":\"https:\/\/www.jrmsolar.net\/producto\/saj-h1-6k-s2-hybrid\/#primaryimage\"},\"thumbnailUrl\":\"https:\/\/www.jrmsolar.net\/wp-content\/uploads\/2024\/01\/SAJ-H1-6K-S2-HYBRID.jpg\",\"datePublished\":\"2024-01-23T15:54:32+00:00\",\"dateModified\":\"2024-01-23T16:07:01+00:00\",\"breadcrumb\":{\"@id\":\"https:\/\/www.jrmsolar.net\/producto\/saj-h1-6k-s2-hybrid\/#breadcrumb\"},\"inLanguage\":\"en-GB\",\"potentialAction\":[{\"@type\":\"ReadAction\",\"target\":[\"https:\/\/www.jrmsolar.net\/producto\/saj-h1-6k-s2-hybrid\/\"]}]},{\"@type\":\"ImageObject\",\"inLanguage\":\"en-GB\",\"@id\":\"https:\/\/www.jrmsolar.net\/producto\/saj-h1-6k-s2-hybrid\/#primaryimage\",\"url\":\"https:\/\/www.jrmsolar.net\/wp-content\/uploads\/2024\/01\/SAJ-H1-6K-S2-HYBRID.jpg\",\"contentUrl\":\"https:\/\/www.jrmsolar.net\/wp-content\/uploads\/2024\/01\/SAJ-H1-6K-S2-HYBRID.jpg\",\"width\":383,\"height\":443},{\"@type\":\"BreadcrumbList\",\"@id\":\"https:\/\/www.jrmsolar.net\/producto\/saj-h1-6k-s2-hybrid\/#breadcrumb\",\"itemListElement\":[{\"@type\":\"ListItem\",\"position\":1,\"name\":\"Portada\",\"item\":\"https:\/\/www.jrmsolar.net\/\"},{\"@type\":\"ListItem\",\"position\":2,\"name\":\"Tienda\",\"item\":\"https:\/\/www.jrmsolar.net\/tienda\/\"},{\"@type\":\"ListItem\",\"position\":3,\"name\":\"SAJ H1-6K-S2 HYBRID\"}]},{\"@type\":\"WebSite\",\"@id\":\"https:\/\/www.jrmsolar.net\/#website\",\"url\":\"https:\/\/www.jrmsolar.net\/\",\"name\":\"JRM Solar\",\"description\":\"Suministros para instalaciones de energ\u00eda solar\",\"potentialAction\":[{\"@type\":\"SearchAction\",\"target\":{\"@type\":\"EntryPoint\",\"urlTemplate\":\"https:\/\/www.jrmsolar.net\/?s={search_term_string}\"},\"query-input\":\"required name=search_term_string\"}],\"inLanguage\":\"en-GB\"}]}<\/script>\n<!-- \/ Yoast SEO plugin. -->","yoast_head_json":{"title":"SAJ H1-6K-S2 HYBRID - JRM Solar","robots":{"index":"index","follow":"follow","max-snippet":"max-snippet:-1","max-image-preview":"max-image-preview:large","max-video-preview":"max-video-preview:-1"},"canonical":"https:\/\/www.jrmsolar.net\/en\/product\/saj-h1-6k-s2-hybrid\/","og_locale":"en_GB","og_type":"article","og_title":"SAJ H1-6K-S2 HYBRID - JRM Solar","og_description":"Inversor h\u00edbrido Monof\u00e1sico H1 Con tiempo de la conmutaci\u00f3n de la funci\u00f3n de UPS &lt;10ms. Compatible con funci\u00f3n de vertido cero. Monitoreo y gesti\u00f3n de energ\u00eda 24 H. Configuraci\u00f3n sencilla de modos de trabajo inteligentes. Max. Corriente de carga 100 A. Dise\u00f1o sin ventilador silencioso...","og_url":"https:\/\/www.jrmsolar.net\/en\/product\/saj-h1-6k-s2-hybrid\/","og_site_name":"JRM Solar","article_modified_time":"2024-01-23T16:07:01+00:00","og_image":[{"width":383,"height":443,"url":"https:\/\/www.jrmsolar.net\/wp-content\/uploads\/2024\/01\/SAJ-H1-6K-S2-HYBRID.jpg","type":"image\/jpeg"}],"twitter_card":"summary_large_image","twitter_misc":{"Estimated reading time":"1 minute"},"schema":{"@context":"https:\/\/schema.org","@graph":[{"@type":"WebPage","@id":"https:\/\/www.jrmsolar.net\/producto\/saj-h1-6k-s2-hybrid\/","url":"https:\/\/www.jrmsolar.net\/producto\/saj-h1-6k-s2-hybrid\/","name":"SAJ H1-6K-S2 HYBRID - JRM Solar","isPartOf":{"@id":"https:\/\/www.jrmsolar.net\/#website"},"primaryImageOfPage":{"@id":"https:\/\/www.jrmsolar.net\/producto\/saj-h1-6k-s2-hybrid\/#primaryimage"},"image":{"@id":"https:\/\/www.jrmsolar.net\/producto\/saj-h1-6k-s2-hybrid\/#primaryimage"},"thumbnailUrl":"https:\/\/www.jrmsolar.net\/wp-content\/uploads\/2024\/01\/SAJ-H1-6K-S2-HYBRID.jpg","datePublished":"2024-01-23T15:54:32+00:00","dateModified":"2024-01-23T16:07:01+00:00","breadcrumb":{"@id":"https:\/\/www.jrmsolar.net\/producto\/saj-h1-6k-s2-hybrid\/#breadcrumb"},"inLanguage":"en-GB","potentialAction":[{"@type":"ReadAction","target":["https:\/\/www.jrmsolar.net\/producto\/saj-h1-6k-s2-hybrid\/"]}]},{"@type":"ImageObject","inLanguage":"en-GB","@id":"https:\/\/www.jrmsolar.net\/producto\/saj-h1-6k-s2-hybrid\/#primaryimage","url":"https:\/\/www.jrmsolar.net\/wp-content\/uploads\/2024\/01\/SAJ-H1-6K-S2-HYBRID.jpg","contentUrl":"https:\/\/www.jrmsolar.net\/wp-content\/uploads\/2024\/01\/SAJ-H1-6K-S2-HYBRID.jpg","width":383,"height":443},{"@type":"BreadcrumbList","@id":"https:\/\/www.jrmsolar.net\/producto\/saj-h1-6k-s2-hybrid\/#breadcrumb","itemListElement":[{"@type":"ListItem","position":1,"name":"Portada","item":"https:\/\/www.jrmsolar.net\/"},{"@type":"ListItem","position":2,"name":"Tienda","item":"https:\/\/www.jrmsolar.net\/tienda\/"},{"@type":"ListItem","position":3,"name":"SAJ H1-6K-S2 HYBRID"}]},{"@type":"WebSite","@id":"https:\/\/www.jrmsolar.net\/#website","url":"https:\/\/www.jrmsolar.net\/","name":"JRM Solar","description":"Suministros para instalaciones de energ\u00eda solar","potentialAction":[{"@type":"SearchAction","target":{"@type":"EntryPoint","urlTemplate":"https:\/\/www.jrmsolar.net\/?s={search_term_string}"},"query-input":"required name=search_term_string"}],"inLanguage":"en-GB"}]}},"_links":{"self":[{"href":"https:\/\/www.jrmsolar.net\/en\/wp-json\/wp\/v2\/product\/13355","targetHints":{"allow":["GET"]}}],"collection":[{"href":"https:\/\/www.jrmsolar.net\/en\/wp-json\/wp\/v2\/product"}],"about":[{"href":"https:\/\/www.jrmsolar.net\/en\/wp-json\/wp\/v2\/types\/product"}],"version-history":[{"count":4,"href":"https:\/\/www.jrmsolar.net\/en\/wp-json\/wp\/v2\/product\/13355\/revisions"}],"predecessor-version":[{"id":13359,"href":"https:\/\/www.jrmsolar.net\/en\/wp-json\/wp\/v2\/product\/13355\/revisions\/13359"}],"wp:featuredmedia":[{"embeddable":true,"href":"https:\/\/www.jrmsolar.net\/en\/wp-json\/wp\/v2\/media\/13347"}],"wp:attachment":[{"href":"https:\/\/www.jrmsolar.net\/en\/wp-json\/wp\/v2\/media?parent=13355"}],"wp:term":[{"taxonomy":"brand","embeddable":true,"href":"https:\/\/www.jrmsolar.net\/en\/wp-json\/wp\/v2\/etheme_brands?post=13355"},{"taxonomy":"product_cat","embeddable":true,"href":"https:\/\/www.jrmsolar.net\/en\/wp-json\/wp\/v2\/product_cat?post=13355"},{"taxonomy":"product_tag","embeddable":true,"href":"https:\/\/www.jrmsolar.net\/en\/wp-json\/wp\/v2\/product_tag?post=13355"}],"curies":[{"name":"wp","href":"https:\/\/api.w.org\/{rel}","templated":true}]}}