{"id":13413,"date":"2024-01-25T10:22:55","date_gmt":"2024-01-25T09:22:55","guid":{"rendered":"https:\/\/jrmsolar.net\/?post_type=product&#038;p=13413"},"modified":"2024-01-25T10:25:22","modified_gmt":"2024-01-25T09:25:22","slug":"deye-inversor-hibrido-sun-5k","status":"publish","type":"product","link":"https:\/\/www.jrmsolar.net\/en\/product\/deye-sun-5k-hybrid-inverter\/","title":{"rendered":"DEYE SUN-5K HYBRID INVERTER"},"content":{"rendered":"<p>Inverter, grid-connected, 5KW Multifunctional Hybrid, which combines inverter, solar charger and battery charger functions to provide uninterruptible power support in a small footprint. Its colour LCD display offers easy-to-access, configurable operation.<\/p>\n<p>Parallelisable<\/p>","protected":false},"excerpt":{"rendered":"<p>Inverter, grid-connected, 5KW Multifunctional Hybrid, which combines inverter, solar charger and battery charger functions to provide uninterruptible power support in a small footprint. Its colour LCD display offers easy-to-access, configurable operation. Parallelizable<\/p>","protected":false},"featured_media":13414,"template":"","meta":[],"etheme_brands":[],"product_cat":[452],"product_tag":[],"class_list":["post-13413","product","type-product","status-publish","has-post-thumbnail","hentry","product_cat-inversores"],"yoast_head":"<!-- This site is optimized with the Yoast SEO plugin v23.2 - https:\/\/yoast.com\/wordpress\/plugins\/seo\/ -->\n<title>DEYE INVERSOR HIBRIDO SUN-5K - JRM Solar<\/title>\n<meta name=\"robots\" content=\"index, follow, max-snippet:-1, max-image-preview:large, max-video-preview:-1\" \/>\n<link rel=\"canonical\" href=\"https:\/\/www.jrmsolar.net\/en\/product\/deye-sun-5k-hybrid-inverter\/\" \/>\n<meta property=\"og:locale\" content=\"en_GB\" \/>\n<meta property=\"og:type\" content=\"article\" \/>\n<meta property=\"og:title\" content=\"DEYE INVERSOR HIBRIDO SUN-5K - JRM Solar\" \/>\n<meta property=\"og:description\" content=\"Inversor, de conexi\u00f3n a red, Hibrido Multifuncional de 5KW, que combina funciones de inversor, cargador solar y cargador de bater\u00edas para ofrecer soporte de alimentaci\u00f3n ininterrumpida con tama\u00f1o reducido. Su pantalla LCD en color ofrece un funcionamiento configurable y de f\u00e1cil acceso. Paralelizable\" \/>\n<meta property=\"og:url\" content=\"https:\/\/www.jrmsolar.net\/en\/product\/deye-sun-5k-hybrid-inverter\/\" \/>\n<meta property=\"og:site_name\" content=\"JRM Solar\" \/>\n<meta property=\"article:modified_time\" content=\"2024-01-25T09:25:22+00:00\" \/>\n<meta property=\"og:image\" content=\"https:\/\/www.jrmsolar.net\/wp-content\/uploads\/2024\/01\/deye.png\" \/>\n\t<meta property=\"og:image:width\" content=\"466\" \/>\n\t<meta property=\"og:image:height\" content=\"499\" \/>\n\t<meta property=\"og:image:type\" content=\"image\/png\" \/>\n<meta name=\"twitter:card\" content=\"summary_large_image\" \/>\n<meta name=\"twitter:label1\" content=\"Estimated reading time\" \/>\n\t<meta name=\"twitter:data1\" content=\"1 minute\" \/>\n<script type=\"application\/ld+json\" class=\"yoast-schema-graph\">{\"@context\":\"https:\/\/schema.org\",\"@graph\":[{\"@type\":\"WebPage\",\"@id\":\"https:\/\/www.jrmsolar.net\/producto\/deye-inversor-hibrido-sun-5k\/\",\"url\":\"https:\/\/www.jrmsolar.net\/producto\/deye-inversor-hibrido-sun-5k\/\",\"name\":\"DEYE INVERSOR HIBRIDO SUN-5K - JRM Solar\",\"isPartOf\":{\"@id\":\"https:\/\/www.jrmsolar.net\/#website\"},\"primaryImageOfPage\":{\"@id\":\"https:\/\/www.jrmsolar.net\/producto\/deye-inversor-hibrido-sun-5k\/#primaryimage\"},\"image\":{\"@id\":\"https:\/\/www.jrmsolar.net\/producto\/deye-inversor-hibrido-sun-5k\/#primaryimage\"},\"thumbnailUrl\":\"https:\/\/www.jrmsolar.net\/wp-content\/uploads\/2024\/01\/deye.png\",\"datePublished\":\"2024-01-25T09:22:55+00:00\",\"dateModified\":\"2024-01-25T09:25:22+00:00\",\"breadcrumb\":{\"@id\":\"https:\/\/www.jrmsolar.net\/producto\/deye-inversor-hibrido-sun-5k\/#breadcrumb\"},\"inLanguage\":\"en-GB\",\"potentialAction\":[{\"@type\":\"ReadAction\",\"target\":[\"https:\/\/www.jrmsolar.net\/producto\/deye-inversor-hibrido-sun-5k\/\"]}]},{\"@type\":\"ImageObject\",\"inLanguage\":\"en-GB\",\"@id\":\"https:\/\/www.jrmsolar.net\/producto\/deye-inversor-hibrido-sun-5k\/#primaryimage\",\"url\":\"https:\/\/www.jrmsolar.net\/wp-content\/uploads\/2024\/01\/deye.png\",\"contentUrl\":\"https:\/\/www.jrmsolar.net\/wp-content\/uploads\/2024\/01\/deye.png\",\"width\":466,\"height\":499},{\"@type\":\"BreadcrumbList\",\"@id\":\"https:\/\/www.jrmsolar.net\/producto\/deye-inversor-hibrido-sun-5k\/#breadcrumb\",\"itemListElement\":[{\"@type\":\"ListItem\",\"position\":1,\"name\":\"Portada\",\"item\":\"https:\/\/www.jrmsolar.net\/\"},{\"@type\":\"ListItem\",\"position\":2,\"name\":\"Tienda\",\"item\":\"https:\/\/www.jrmsolar.net\/tienda\/\"},{\"@type\":\"ListItem\",\"position\":3,\"name\":\"DEYE INVERSOR HIBRIDO SUN-5K\"}]},{\"@type\":\"WebSite\",\"@id\":\"https:\/\/www.jrmsolar.net\/#website\",\"url\":\"https:\/\/www.jrmsolar.net\/\",\"name\":\"JRM Solar\",\"description\":\"Suministros para instalaciones de energ\u00eda solar\",\"potentialAction\":[{\"@type\":\"SearchAction\",\"target\":{\"@type\":\"EntryPoint\",\"urlTemplate\":\"https:\/\/www.jrmsolar.net\/?s={search_term_string}\"},\"query-input\":\"required name=search_term_string\"}],\"inLanguage\":\"en-GB\"}]}<\/script>\n<!-- \/ Yoast SEO plugin. -->","yoast_head_json":{"title":"DEYE INVERSOR HIBRIDO SUN-5K - JRM Solar","robots":{"index":"index","follow":"follow","max-snippet":"max-snippet:-1","max-image-preview":"max-image-preview:large","max-video-preview":"max-video-preview:-1"},"canonical":"https:\/\/www.jrmsolar.net\/en\/product\/deye-sun-5k-hybrid-inverter\/","og_locale":"en_GB","og_type":"article","og_title":"DEYE INVERSOR HIBRIDO SUN-5K - JRM Solar","og_description":"Inversor, de conexi\u00f3n a red, Hibrido Multifuncional de 5KW, que combina funciones de inversor, cargador solar y cargador de bater\u00edas para ofrecer soporte de alimentaci\u00f3n ininterrumpida con tama\u00f1o reducido. Su pantalla LCD en color ofrece un funcionamiento configurable y de f\u00e1cil acceso. Paralelizable","og_url":"https:\/\/www.jrmsolar.net\/en\/product\/deye-sun-5k-hybrid-inverter\/","og_site_name":"JRM Solar","article_modified_time":"2024-01-25T09:25:22+00:00","og_image":[{"width":466,"height":499,"url":"https:\/\/www.jrmsolar.net\/wp-content\/uploads\/2024\/01\/deye.png","type":"image\/png"}],"twitter_card":"summary_large_image","twitter_misc":{"Estimated reading time":"1 minute"},"schema":{"@context":"https:\/\/schema.org","@graph":[{"@type":"WebPage","@id":"https:\/\/www.jrmsolar.net\/producto\/deye-inversor-hibrido-sun-5k\/","url":"https:\/\/www.jrmsolar.net\/producto\/deye-inversor-hibrido-sun-5k\/","name":"DEYE INVERSOR HIBRIDO SUN-5K - JRM Solar","isPartOf":{"@id":"https:\/\/www.jrmsolar.net\/#website"},"primaryImageOfPage":{"@id":"https:\/\/www.jrmsolar.net\/producto\/deye-inversor-hibrido-sun-5k\/#primaryimage"},"image":{"@id":"https:\/\/www.jrmsolar.net\/producto\/deye-inversor-hibrido-sun-5k\/#primaryimage"},"thumbnailUrl":"https:\/\/www.jrmsolar.net\/wp-content\/uploads\/2024\/01\/deye.png","datePublished":"2024-01-25T09:22:55+00:00","dateModified":"2024-01-25T09:25:22+00:00","breadcrumb":{"@id":"https:\/\/www.jrmsolar.net\/producto\/deye-inversor-hibrido-sun-5k\/#breadcrumb"},"inLanguage":"en-GB","potentialAction":[{"@type":"ReadAction","target":["https:\/\/www.jrmsolar.net\/producto\/deye-inversor-hibrido-sun-5k\/"]}]},{"@type":"ImageObject","inLanguage":"en-GB","@id":"https:\/\/www.jrmsolar.net\/producto\/deye-inversor-hibrido-sun-5k\/#primaryimage","url":"https:\/\/www.jrmsolar.net\/wp-content\/uploads\/2024\/01\/deye.png","contentUrl":"https:\/\/www.jrmsolar.net\/wp-content\/uploads\/2024\/01\/deye.png","width":466,"height":499},{"@type":"BreadcrumbList","@id":"https:\/\/www.jrmsolar.net\/producto\/deye-inversor-hibrido-sun-5k\/#breadcrumb","itemListElement":[{"@type":"ListItem","position":1,"name":"Portada","item":"https:\/\/www.jrmsolar.net\/"},{"@type":"ListItem","position":2,"name":"Tienda","item":"https:\/\/www.jrmsolar.net\/tienda\/"},{"@type":"ListItem","position":3,"name":"DEYE INVERSOR HIBRIDO SUN-5K"}]},{"@type":"WebSite","@id":"https:\/\/www.jrmsolar.net\/#website","url":"https:\/\/www.jrmsolar.net\/","name":"JRM Solar","description":"Suministros para instalaciones de energ\u00eda solar","potentialAction":[{"@type":"SearchAction","target":{"@type":"EntryPoint","urlTemplate":"https:\/\/www.jrmsolar.net\/?s={search_term_string}"},"query-input":"required name=search_term_string"}],"inLanguage":"en-GB"}]}},"_links":{"self":[{"href":"https:\/\/www.jrmsolar.net\/en\/wp-json\/wp\/v2\/product\/13413","targetHints":{"allow":["GET"]}}],"collection":[{"href":"https:\/\/www.jrmsolar.net\/en\/wp-json\/wp\/v2\/product"}],"about":[{"href":"https:\/\/www.jrmsolar.net\/en\/wp-json\/wp\/v2\/types\/product"}],"version-history":[{"count":1,"href":"https:\/\/www.jrmsolar.net\/en\/wp-json\/wp\/v2\/product\/13413\/revisions"}],"predecessor-version":[{"id":13415,"href":"https:\/\/www.jrmsolar.net\/en\/wp-json\/wp\/v2\/product\/13413\/revisions\/13415"}],"wp:featuredmedia":[{"embeddable":true,"href":"https:\/\/www.jrmsolar.net\/en\/wp-json\/wp\/v2\/media\/13414"}],"wp:attachment":[{"href":"https:\/\/www.jrmsolar.net\/en\/wp-json\/wp\/v2\/media?parent=13413"}],"wp:term":[{"taxonomy":"brand","embeddable":true,"href":"https:\/\/www.jrmsolar.net\/en\/wp-json\/wp\/v2\/etheme_brands?post=13413"},{"taxonomy":"product_cat","embeddable":true,"href":"https:\/\/www.jrmsolar.net\/en\/wp-json\/wp\/v2\/product_cat?post=13413"},{"taxonomy":"product_tag","embeddable":true,"href":"https:\/\/www.jrmsolar.net\/en\/wp-json\/wp\/v2\/product_tag?post=13413"}],"curies":[{"name":"wp","href":"https:\/\/api.w.org\/{rel}","templated":true}]}}