{"id":13425,"date":"2024-01-31T12:38:12","date_gmt":"2024-01-31T11:38:12","guid":{"rendered":"https:\/\/jrmsolar.net\/?post_type=product&#038;p=13425"},"modified":"2024-01-31T12:38:13","modified_gmt":"2024-01-31T11:38:13","slug":"sofar-inversor-hibrido-monofasico-3-kw","status":"publish","type":"product","link":"https:\/\/www.jrmsolar.net\/en\/product\/single-phase-hybrid-inverter-sofa-3-kw\/","title":{"rendered":"SOFAR Single-phase hybrid inverter 3 KW"},"content":{"rendered":"<p>Single-phase hybrid inverter<\/p>\n<p>3000W<\/p>\n<p>2 MPPT<\/p>\n<p>Parallelisable<\/p>\n<p>WiFi<\/p>\n<p>DC switch (Including CT)<\/p>","protected":false},"excerpt":{"rendered":"<p>Single-phase hybrid inverter 3000W 2 MPPT Parallelisable WiFi DC switch (Includes CT)<\/p>","protected":false},"featured_media":13426,"template":"","meta":[],"etheme_brands":[],"product_cat":[452],"product_tag":[],"class_list":["post-13425","product","type-product","status-publish","has-post-thumbnail","hentry","product_cat-inversores"],"yoast_head":"<!-- This site is optimized with the Yoast SEO plugin v23.2 - https:\/\/yoast.com\/wordpress\/plugins\/seo\/ -->\n<title>SOFAR Inversor h\u00edbrido monof\u00e1sico 3 KW - JRM Solar<\/title>\n<meta name=\"robots\" content=\"index, follow, max-snippet:-1, max-image-preview:large, max-video-preview:-1\" \/>\n<link rel=\"canonical\" href=\"https:\/\/www.jrmsolar.net\/en\/product\/single-phase-hybrid-inverter-sofa-3-kw\/\" \/>\n<meta property=\"og:locale\" content=\"en_GB\" \/>\n<meta property=\"og:type\" content=\"article\" \/>\n<meta property=\"og:title\" content=\"SOFAR Inversor h\u00edbrido monof\u00e1sico 3 KW - JRM Solar\" \/>\n<meta property=\"og:description\" content=\"Inversor h\u00edbrido monof\u00e1sico 3000W 2 MPPT Paralelizable WiFi nterruptor DC (Incluye CT)\" \/>\n<meta property=\"og:url\" content=\"https:\/\/www.jrmsolar.net\/en\/product\/single-phase-hybrid-inverter-sofa-3-kw\/\" \/>\n<meta property=\"og:site_name\" content=\"JRM Solar\" \/>\n<meta property=\"article:modified_time\" content=\"2024-01-31T11:38:13+00:00\" \/>\n<meta property=\"og:image\" content=\"https:\/\/www.jrmsolar.net\/wp-content\/uploads\/2024\/01\/sofar-hib.png\" \/>\n\t<meta property=\"og:image:width\" content=\"1024\" \/>\n\t<meta property=\"og:image:height\" content=\"1024\" \/>\n\t<meta property=\"og:image:type\" content=\"image\/png\" \/>\n<meta name=\"twitter:card\" content=\"summary_large_image\" \/>\n<meta name=\"twitter:label1\" content=\"Estimated reading time\" \/>\n\t<meta name=\"twitter:data1\" content=\"1 minute\" \/>\n<script type=\"application\/ld+json\" class=\"yoast-schema-graph\">{\"@context\":\"https:\/\/schema.org\",\"@graph\":[{\"@type\":\"WebPage\",\"@id\":\"https:\/\/www.jrmsolar.net\/producto\/sofar-inversor-hibrido-monofasico-3-kw\/\",\"url\":\"https:\/\/www.jrmsolar.net\/producto\/sofar-inversor-hibrido-monofasico-3-kw\/\",\"name\":\"SOFAR Inversor h\u00edbrido monof\u00e1sico 3 KW - JRM Solar\",\"isPartOf\":{\"@id\":\"https:\/\/www.jrmsolar.net\/#website\"},\"primaryImageOfPage\":{\"@id\":\"https:\/\/www.jrmsolar.net\/producto\/sofar-inversor-hibrido-monofasico-3-kw\/#primaryimage\"},\"image\":{\"@id\":\"https:\/\/www.jrmsolar.net\/producto\/sofar-inversor-hibrido-monofasico-3-kw\/#primaryimage\"},\"thumbnailUrl\":\"https:\/\/www.jrmsolar.net\/wp-content\/uploads\/2024\/01\/sofar-hib.png\",\"datePublished\":\"2024-01-31T11:38:12+00:00\",\"dateModified\":\"2024-01-31T11:38:13+00:00\",\"breadcrumb\":{\"@id\":\"https:\/\/www.jrmsolar.net\/producto\/sofar-inversor-hibrido-monofasico-3-kw\/#breadcrumb\"},\"inLanguage\":\"en-GB\",\"potentialAction\":[{\"@type\":\"ReadAction\",\"target\":[\"https:\/\/www.jrmsolar.net\/producto\/sofar-inversor-hibrido-monofasico-3-kw\/\"]}]},{\"@type\":\"ImageObject\",\"inLanguage\":\"en-GB\",\"@id\":\"https:\/\/www.jrmsolar.net\/producto\/sofar-inversor-hibrido-monofasico-3-kw\/#primaryimage\",\"url\":\"https:\/\/www.jrmsolar.net\/wp-content\/uploads\/2024\/01\/sofar-hib.png\",\"contentUrl\":\"https:\/\/www.jrmsolar.net\/wp-content\/uploads\/2024\/01\/sofar-hib.png\",\"width\":1024,\"height\":1024},{\"@type\":\"BreadcrumbList\",\"@id\":\"https:\/\/www.jrmsolar.net\/producto\/sofar-inversor-hibrido-monofasico-3-kw\/#breadcrumb\",\"itemListElement\":[{\"@type\":\"ListItem\",\"position\":1,\"name\":\"Portada\",\"item\":\"https:\/\/www.jrmsolar.net\/\"},{\"@type\":\"ListItem\",\"position\":2,\"name\":\"Tienda\",\"item\":\"https:\/\/www.jrmsolar.net\/tienda\/\"},{\"@type\":\"ListItem\",\"position\":3,\"name\":\"SOFAR Inversor h\u00edbrido monof\u00e1sico 3 KW\"}]},{\"@type\":\"WebSite\",\"@id\":\"https:\/\/www.jrmsolar.net\/#website\",\"url\":\"https:\/\/www.jrmsolar.net\/\",\"name\":\"JRM Solar\",\"description\":\"Suministros para instalaciones de energ\u00eda solar\",\"potentialAction\":[{\"@type\":\"SearchAction\",\"target\":{\"@type\":\"EntryPoint\",\"urlTemplate\":\"https:\/\/www.jrmsolar.net\/?s={search_term_string}\"},\"query-input\":\"required name=search_term_string\"}],\"inLanguage\":\"en-GB\"}]}<\/script>\n<!-- \/ Yoast SEO plugin. -->","yoast_head_json":{"title":"SOFAR Inversor h\u00edbrido monof\u00e1sico 3 KW - JRM Solar","robots":{"index":"index","follow":"follow","max-snippet":"max-snippet:-1","max-image-preview":"max-image-preview:large","max-video-preview":"max-video-preview:-1"},"canonical":"https:\/\/www.jrmsolar.net\/en\/product\/single-phase-hybrid-inverter-sofa-3-kw\/","og_locale":"en_GB","og_type":"article","og_title":"SOFAR Inversor h\u00edbrido monof\u00e1sico 3 KW - JRM Solar","og_description":"Inversor h\u00edbrido monof\u00e1sico 3000W 2 MPPT Paralelizable WiFi nterruptor DC (Incluye CT)","og_url":"https:\/\/www.jrmsolar.net\/en\/product\/single-phase-hybrid-inverter-sofa-3-kw\/","og_site_name":"JRM Solar","article_modified_time":"2024-01-31T11:38:13+00:00","og_image":[{"width":1024,"height":1024,"url":"https:\/\/www.jrmsolar.net\/wp-content\/uploads\/2024\/01\/sofar-hib.png","type":"image\/png"}],"twitter_card":"summary_large_image","twitter_misc":{"Estimated reading time":"1 minute"},"schema":{"@context":"https:\/\/schema.org","@graph":[{"@type":"WebPage","@id":"https:\/\/www.jrmsolar.net\/producto\/sofar-inversor-hibrido-monofasico-3-kw\/","url":"https:\/\/www.jrmsolar.net\/producto\/sofar-inversor-hibrido-monofasico-3-kw\/","name":"SOFAR Inversor h\u00edbrido monof\u00e1sico 3 KW - JRM Solar","isPartOf":{"@id":"https:\/\/www.jrmsolar.net\/#website"},"primaryImageOfPage":{"@id":"https:\/\/www.jrmsolar.net\/producto\/sofar-inversor-hibrido-monofasico-3-kw\/#primaryimage"},"image":{"@id":"https:\/\/www.jrmsolar.net\/producto\/sofar-inversor-hibrido-monofasico-3-kw\/#primaryimage"},"thumbnailUrl":"https:\/\/www.jrmsolar.net\/wp-content\/uploads\/2024\/01\/sofar-hib.png","datePublished":"2024-01-31T11:38:12+00:00","dateModified":"2024-01-31T11:38:13+00:00","breadcrumb":{"@id":"https:\/\/www.jrmsolar.net\/producto\/sofar-inversor-hibrido-monofasico-3-kw\/#breadcrumb"},"inLanguage":"en-GB","potentialAction":[{"@type":"ReadAction","target":["https:\/\/www.jrmsolar.net\/producto\/sofar-inversor-hibrido-monofasico-3-kw\/"]}]},{"@type":"ImageObject","inLanguage":"en-GB","@id":"https:\/\/www.jrmsolar.net\/producto\/sofar-inversor-hibrido-monofasico-3-kw\/#primaryimage","url":"https:\/\/www.jrmsolar.net\/wp-content\/uploads\/2024\/01\/sofar-hib.png","contentUrl":"https:\/\/www.jrmsolar.net\/wp-content\/uploads\/2024\/01\/sofar-hib.png","width":1024,"height":1024},{"@type":"BreadcrumbList","@id":"https:\/\/www.jrmsolar.net\/producto\/sofar-inversor-hibrido-monofasico-3-kw\/#breadcrumb","itemListElement":[{"@type":"ListItem","position":1,"name":"Portada","item":"https:\/\/www.jrmsolar.net\/"},{"@type":"ListItem","position":2,"name":"Tienda","item":"https:\/\/www.jrmsolar.net\/tienda\/"},{"@type":"ListItem","position":3,"name":"SOFAR Inversor h\u00edbrido monof\u00e1sico 3 KW"}]},{"@type":"WebSite","@id":"https:\/\/www.jrmsolar.net\/#website","url":"https:\/\/www.jrmsolar.net\/","name":"JRM Solar","description":"Suministros para instalaciones de energ\u00eda solar","potentialAction":[{"@type":"SearchAction","target":{"@type":"EntryPoint","urlTemplate":"https:\/\/www.jrmsolar.net\/?s={search_term_string}"},"query-input":"required name=search_term_string"}],"inLanguage":"en-GB"}]}},"_links":{"self":[{"href":"https:\/\/www.jrmsolar.net\/en\/wp-json\/wp\/v2\/product\/13425","targetHints":{"allow":["GET"]}}],"collection":[{"href":"https:\/\/www.jrmsolar.net\/en\/wp-json\/wp\/v2\/product"}],"about":[{"href":"https:\/\/www.jrmsolar.net\/en\/wp-json\/wp\/v2\/types\/product"}],"version-history":[{"count":1,"href":"https:\/\/www.jrmsolar.net\/en\/wp-json\/wp\/v2\/product\/13425\/revisions"}],"predecessor-version":[{"id":13427,"href":"https:\/\/www.jrmsolar.net\/en\/wp-json\/wp\/v2\/product\/13425\/revisions\/13427"}],"wp:featuredmedia":[{"embeddable":true,"href":"https:\/\/www.jrmsolar.net\/en\/wp-json\/wp\/v2\/media\/13426"}],"wp:attachment":[{"href":"https:\/\/www.jrmsolar.net\/en\/wp-json\/wp\/v2\/media?parent=13425"}],"wp:term":[{"taxonomy":"brand","embeddable":true,"href":"https:\/\/www.jrmsolar.net\/en\/wp-json\/wp\/v2\/etheme_brands?post=13425"},{"taxonomy":"product_cat","embeddable":true,"href":"https:\/\/www.jrmsolar.net\/en\/wp-json\/wp\/v2\/product_cat?post=13425"},{"taxonomy":"product_tag","embeddable":true,"href":"https:\/\/www.jrmsolar.net\/en\/wp-json\/wp\/v2\/product_tag?post=13425"}],"curies":[{"name":"wp","href":"https:\/\/api.w.org\/{rel}","templated":true}]}}